{"id":5686,"date":"2017-02-09T12:56:16","date_gmt":"2017-02-09T12:56:16","guid":{"rendered":"https:\/\/novo.aedpedroiv.net\/?page_id=5686"},"modified":"2026-03-04T15:26:09","modified_gmt":"2026-03-04T15:26:09","slug":"politica-privacidade","status":"publish","type":"page","link":"https:\/\/aedpedroiv.net\/en\/politica-privacidade\/","title":{"rendered":"POL\u00cdTICA DE PRIVACIDADE"},"content":{"rendered":"<section class=\"wpb-content-wrapper\"><div class=\"vc_row wpb_row vc_row-fluid\"><div class=\"wpb_column vc_column_container vc_col-sm-12\"><div class=\"vc_column-inner vc_custom_1489757662264\"><div class=\"wpb_wrapper\"><h1 style=\"text-align: left\" class=\"vc_custom_heading vc_custom_1772637621351\" >POL\u00cdTICA DE PRIVACIDADE<\/h1><h4 style=\"color: #000000;text-align: left\" class=\"vc_custom_heading\" >Agrupamento de Escolas D. Pedro IV - Vila do Conde<\/h4>\n\t<div class=\"wpb_text_column wpb_content_element\" >\n\t\t<div class=\"wpb_wrapper\">\n\t\t\t<p><span style=\"color: #000000;\">A presente Pol\u00edtica de Privacidade descreve o tratamento de dados pessoais realizado no \u00e2mbito do site do <strong>Agrupamento de Escolas D. Pedro IV &#8211; Vila do Conde.<\/strong> O Agrupamento de Escolas compromete-se a proteger a privacidade de todos os utilizadores e a garantir que os dados pessoais s\u00e3o tratados de forma transparente e de acordo com a legisla\u00e7\u00e3o aplic\u00e1vel, nomeadamente o Regulamento Geral de Prote\u00e7\u00e3o de Dados (RGPD).<\/span><\/p>\n<p><span style=\"color: #000000;\"><strong>1. Respons\u00e1vel pelo Tratamento de Dados<\/strong><\/span><\/p>\n<p><span style=\"color: #000000;\">O Agrupamento de Escolas D. Pedro IV, com sede na Rua da Fonte, 4485-489 Mindelo, \u00e9 o respons\u00e1vel pelo tratamento dos dados pessoais recolhidos atrav\u00e9s do presente site.<\/span><\/p>\n<p><span style=\"color: #000000;\"><strong>2. <\/strong><strong>Partilha de Dados Pessoais<\/strong><\/span><\/p>\n<p><span style=\"color: #000000;\">Os dados pessoais recolhidos n\u00e3o ser\u00e3o partilhados com terceiros, exceto quando tal seja necess\u00e1rio para o cumprimento de obriga\u00e7\u00f5es legais ou com o consentimento expl\u00edcito do titular dos dados.<\/span><\/p>\n<p><span style=\"color: #000000;\"><strong>3. Seguran\u00e7a dos Dados<\/strong><\/span><\/p>\n<p><span style=\"color: #000000;\">O Agrupamento de Escolas adota medidas t\u00e9cnicas e organizativas adequadas para garantir a seguran\u00e7a dos dados pessoais recolhidos, evitando o acesso n\u00e3o autorizado, a divulga\u00e7\u00e3o, altera\u00e7\u00e3o ou destrui\u00e7\u00e3o dos mesmos.<\/span><\/p>\n<p><span style=\"color: #000000;\"><strong>4. Conserva\u00e7\u00e3o dos Dados<\/strong><\/span><\/p>\n<p><span style=\"color: #000000;\">Os dados pessoais ser\u00e3o conservados apenas pelo per\u00edodo necess\u00e1rio para a finalidade para a qual foram recolhidos, ou conforme exigido por lei. Os dados enviados atrav\u00e9s dos formul\u00e1rios de contacto ser\u00e3o eliminados ap\u00f3s a resposta ser enviada, enquanto os dados das inscri\u00e7\u00f5es nos cursos ser\u00e3o mantidos durante o tempo necess\u00e1rio para gerir a rela\u00e7\u00e3o escolar e conforme o estipulado pela legisla\u00e7\u00e3o vigente.<\/span><\/p>\n<p><span style=\"color: #000000;\"><strong>5. Direitos dos Titulares dos Dados<\/strong><\/span><\/p>\n<p><span style=\"color: #000000;\">De acordo com o RGPD, os titulares dos dados t\u00eam os seguintes direitos:<\/span><\/p>\n<ul>\n<li><span style=\"color: #000000;\">Direito de Acesso: o direito de solicitar informa\u00e7\u00f5es sobre os dados pessoais que temos sobre si.<\/span><\/li>\n<li><span style=\"color: #000000;\">Direito de Retifica\u00e7\u00e3o: o direito de solicitar a corre\u00e7\u00e3o dos seus dados pessoais.<\/span><\/li>\n<li><span style=\"color: #000000;\">Direito ao Apagamento: o direito de solicitar que os seus dados sejam eliminados, salvo quando tal se revele incompat\u00edvel com obriga\u00e7\u00f5es legais.<\/span><\/li>\n<li><span style=\"color: #000000;\">Direito \u00e0 Limita\u00e7\u00e3o do Tratamento: o direito de solicitar a limita\u00e7\u00e3o do tratamento dos seus dados.<\/span><\/li>\n<li><span style=\"color: #000000;\">Direito de Oposi\u00e7\u00e3o: o direito de se opor ao tratamento dos seus dados pessoais em determinadas circunst\u00e2ncias.<\/span><\/li>\n<li><span style=\"color: #000000;\">Direito \u00e0 Portabilidade dos Dados: o direito de solicitar que os seus dados pessoais sejam transferidos para outra entidade, em formato estruturado, de uso corrente e de leitura autom\u00e1tica.<\/span><\/li>\n<li><span style=\"color: #000000;\">Para exercer os seus direitos, o titular dos dados deve contactar o Agrupamento de Escolas atrav\u00e9s do e-mail secretaria@aedpedroiv.net.<\/span><\/li>\n<\/ul>\n<p><span style=\"color: #000000;\"><strong>6. Altera\u00e7\u00f5es \u00e0 Pol\u00edtica de Privacidade<\/strong><\/span><\/p>\n<p><span style=\"color: #000000;\">O Agrupamento de Escolas reserva-se o direito de alterar esta Pol\u00edtica de Privacidade a qualquer momento, sendo recomendada a consulta regular desta p\u00e1gina para se manter informado sobre eventuais altera\u00e7\u00f5es.<\/span><\/p>\n<p><span style=\"color: #000000;\"><strong>7. Contactos<\/strong><\/span><\/p>\n<p><span style=\"color: #000000;\">Para quaisquer quest\u00f5es relacionadas com esta Pol\u00edtica de Privacidade ou com o tratamento dos seus dados pessoais, pode contactar-nos atrav\u00e9s de:<\/span><\/p>\n<p><span style=\"color: #000000;\"><strong>E-mail:<\/strong> secretaria@aedpedroiv.net<\/span><\/p>\n<p><span style=\"color: #000000;\"><strong>Morada:<\/strong> Rua da Fonte<\/span><br \/>\n<span style=\"color: #000000;\">4485 &#8211; 489 Mindelo &#8211; Vila do Conde<\/span><\/p>\n\n\t\t<\/div>\n\t<\/div>\n<div class=\"vc_separator wpb_content_element vc_separator_align_center vc_sep_width_100 vc_sep_border_width_4 vc_sep_pos_align_center vc_separator_no_text vc_sep_color_grey\" ><span class=\"vc_sep_holder vc_sep_holder_l\"><span class=\"vc_sep_line\"><\/span><\/span><span class=\"vc_sep_holder vc_sep_holder_r\"><span class=\"vc_sep_line\"><\/span><\/span>\n<\/div><\/div><\/div><\/div><\/div>\n<\/section>","protected":false},"excerpt":{"rendered":"POL\u00cdTICA DE PRIVACIDADEAgrupamento de Escolas D. Pedro IV - Vila do Conde A presente Pol\u00edtica de Privacidade descreve o tratamento de dados pessoais realizado no \u00e2mbito do site do Agrupamento de Escolas D. Pedro IV - Vila do Conde. O Agrupamento de Escolas compromete-se a&nbsp;<a href=\"https:\/\/aedpedroiv.net\/en\/politica-privacidade\/\">&hellip;<\/a>","protected":false},"author":3,"featured_media":0,"parent":0,"menu_order":4,"comment_status":"closed","ping_status":"closed","template":"template-sidebar-right-childpages.php","meta":{"footnotes":""},"class_list":["post-5686","page","type-page","status-publish","hentry","odd"],"_links":{"self":[{"href":"https:\/\/aedpedroiv.net\/en\/wp-json\/wp\/v2\/pages\/5686","targetHints":{"allow":["GET"]}}],"collection":[{"href":"https:\/\/aedpedroiv.net\/en\/wp-json\/wp\/v2\/pages"}],"about":[{"href":"https:\/\/aedpedroiv.net\/en\/wp-json\/wp\/v2\/types\/page"}],"author":[{"embeddable":true,"href":"https:\/\/aedpedroiv.net\/en\/wp-json\/wp\/v2\/users\/3"}],"replies":[{"embeddable":true,"href":"https:\/\/aedpedroiv.net\/en\/wp-json\/wp\/v2\/comments?post=5686"}],"version-history":[{"count":2,"href":"https:\/\/aedpedroiv.net\/en\/wp-json\/wp\/v2\/pages\/5686\/revisions"}],"predecessor-version":[{"id":5688,"href":"https:\/\/aedpedroiv.net\/en\/wp-json\/wp\/v2\/pages\/5686\/revisions\/5688"}],"wp:attachment":[{"href":"https:\/\/aedpedroiv.net\/en\/wp-json\/wp\/v2\/media?parent=5686"}],"curies":[{"name":"wp","href":"https:\/\/api.w.org\/{rel}","templated":true}]}}