{"id":5611,"date":"2026-02-01T08:33:21","date_gmt":"2026-02-01T08:33:21","guid":{"rendered":"https:\/\/novo.aedpedroiv.net\/?page_id=5611"},"modified":"2026-03-12T23:18:29","modified_gmt":"2026-03-12T23:18:29","slug":"planificacoes","status":"publish","type":"page","link":"https:\/\/aedpedroiv.net\/en\/planificacoes\/","title":{"rendered":"PLANIFICA\u00c7\u00d5ES"},"content":{"rendered":"<section class=\"wpb-content-wrapper\"><div class=\"vc_row wpb_row vc_row-fluid\"><div class=\"wpb_column vc_column_container vc_col-sm-12\"><div class=\"vc_column-inner vc_custom_1770306454491\"><div class=\"wpb_wrapper\"><h1 style=\"text-align: left\" class=\"vc_custom_heading vc_custom_1770650417693\" >PLANIFICA\u00c7\u00d5ES<\/h1><\/div><\/div><\/div><\/div><div class=\"vc_row wpb_row vc_row-fluid\"><div class=\"wpb_column vc_column_container vc_col-sm-12\"><div class=\"vc_column-inner\"><div class=\"wpb_wrapper\">\n\t<div class=\"wpb_text_column wpb_content_element\" >\n\t\t<div class=\"wpb_wrapper\">\n\t\t\t<p><a href=\"https:\/\/drive.google.com\/drive\/folders\/1-1iNJxaGNd_C22U9-PlPLTdZg2kqg82h?usp=drive_link\" target=\"_blank\" rel=\"noopener\"><strong>1\u00ba Ciclo<\/strong><\/a><\/p>\n<p><a href=\"https:\/\/drive.google.com\/drive\/folders\/1z8j7xZHafXc8MlICNfJV5b3UuxiYrSRk?usp=drive_link\" target=\"_blank\" rel=\"noopener\"><strong>2\u00ba Ciclo<\/strong><\/a><\/p>\n<p><a href=\"https:\/\/drive.google.com\/drive\/folders\/1WCR802jbAGEyERCmJ2_PfO5MdBN_m5e0?usp=drive_link\" target=\"_blank\" rel=\"noopener\"><strong>3\u00ba Ciclo<\/strong><\/a><\/p>\n<p><a href=\"https:\/\/drive.google.com\/drive\/folders\/1RIxTAVldMvXjAOvwoIpCUwQ2KZSgU-_K?usp=drive_link\" target=\"_blank\" rel=\"noopener\"><strong>Portugu\u00eas &#8211; L\u00edngua N\u00e3o Materna<\/strong><\/a><\/p>\n\n\t\t<\/div>\n\t<\/div>\n<\/div><\/div><\/div><\/div>\n<\/section>","protected":false},"excerpt":{"rendered":"PLANIFICA\u00c7\u00d5ES 1\u00ba Ciclo 2\u00ba Ciclo 3\u00ba Ciclo Portugu\u00eas - L\u00edngua N\u00e3o Materna","protected":false},"author":3,"featured_media":0,"parent":0,"menu_order":8,"comment_status":"closed","ping_status":"closed","template":"template-sidebar-right-childpages.php","meta":{"footnotes":""},"class_list":["post-5611","page","type-page","status-publish","hentry","odd"],"_links":{"self":[{"href":"https:\/\/aedpedroiv.net\/en\/wp-json\/wp\/v2\/pages\/5611","targetHints":{"allow":["GET"]}}],"collection":[{"href":"https:\/\/aedpedroiv.net\/en\/wp-json\/wp\/v2\/pages"}],"about":[{"href":"https:\/\/aedpedroiv.net\/en\/wp-json\/wp\/v2\/types\/page"}],"author":[{"embeddable":true,"href":"https:\/\/aedpedroiv.net\/en\/wp-json\/wp\/v2\/users\/3"}],"replies":[{"embeddable":true,"href":"https:\/\/aedpedroiv.net\/en\/wp-json\/wp\/v2\/comments?post=5611"}],"version-history":[{"count":5,"href":"https:\/\/aedpedroiv.net\/en\/wp-json\/wp\/v2\/pages\/5611\/revisions"}],"predecessor-version":[{"id":5788,"href":"https:\/\/aedpedroiv.net\/en\/wp-json\/wp\/v2\/pages\/5611\/revisions\/5788"}],"wp:attachment":[{"href":"https:\/\/aedpedroiv.net\/en\/wp-json\/wp\/v2\/media?parent=5611"}],"curies":[{"name":"wp","href":"https:\/\/api.w.org\/{rel}","templated":true}]}}