{"id":5608,"date":"2026-02-01T08:33:21","date_gmt":"2026-02-01T08:33:21","guid":{"rendered":"https:\/\/novo.aedpedroiv.net\/?page_id=5608"},"modified":"2026-02-09T15:17:50","modified_gmt":"2026-02-09T15:17:50","slug":"criterios-avaliacao","status":"publish","type":"page","link":"https:\/\/aedpedroiv.net\/en\/criterios-avaliacao\/","title":{"rendered":"CRIT\u00c9RIOS DE AVALIA\u00c7\u00c3O"},"content":{"rendered":"<section class=\"wpb-content-wrapper\"><div class=\"vc_row wpb_row vc_row-fluid\"><div class=\"wpb_column vc_column_container vc_col-sm-12\"><div class=\"vc_column-inner vc_custom_1770306454491\"><div class=\"wpb_wrapper\"><h1 style=\"text-align: left\" class=\"vc_custom_heading vc_custom_1770648620983\" >CRIT\u00c9RIOS DE AVALIA\u00c7\u00c3O<\/h1><\/div><\/div><\/div><\/div><div class=\"vc_row wpb_row vc_row-fluid\"><div class=\"wpb_column vc_column_container vc_col-sm-12\"><div class=\"vc_column-inner\"><div class=\"wpb_wrapper\">\n\t<div class=\"wpb_text_column wpb_content_element\" >\n\t\t<div class=\"wpb_wrapper\">\n\t\t\t<ul>\n<li><a href=\"https:\/\/drive.google.com\/drive\/folders\/1H5Ci1brs_HC-0_KyVkp4ZZ6iXJHKUD7h\" target=\"_blank\" rel=\"noopener\">1\u00ba CICLO<\/a><\/li>\n<li><a href=\"https:\/\/drive.google.com\/drive\/folders\/1VgWFrqVRAMMyKAhYWQSCPtgq048mLHRk\" target=\"_blank\" rel=\"noopener\">CIDADANIA E DESENVOLVIMENTO<\/a><\/li>\n<li><a href=\"https:\/\/drive.google.com\/drive\/folders\/1CDHTWweoN2sPZ8nvyBfQZMc9BX-WLId6\" target=\"_blank\" rel=\"noopener\">CI\u00caNCIAS NATURAIS<\/a><\/li>\n<li><a href=\"https:\/\/drive.google.com\/drive\/folders\/1EC66bTnHquPooWDaxRqj7EoQalLX8ug_\" target=\"_blank\" rel=\"noopener\">ED. F\u00cdSICA<\/a><\/li>\n<li><a href=\"https:\/\/drive.google.com\/drive\/folders\/1TyDQsMnvXAv58ZH5rs5QUitc2X8jdp8B\" target=\"_blank\" rel=\"noopener\">ED. INCLUSIVA<\/a><\/li>\n<li><a href=\"https:\/\/drive.google.com\/drive\/folders\/1a53uZ7TRInFUHxnS0PZ5s7KCQJuDK9kl\" target=\"_blank\" rel=\"noopener\">ED. MUSICAL<\/a><\/li>\n<li><a href=\"https:\/\/drive.google.com\/drive\/folders\/1CHQWTvT-6Bs9QH7_KZWjfqd3VouYnzV-\" target=\"_blank\" rel=\"noopener\">ED. TECNOL\u00d3GICA<\/a><\/li>\n<li><a href=\"https:\/\/drive.google.com\/drive\/folders\/1y6-EKGdLxuy8icxS0oRASWa6L-x-1w9l\" target=\"_blank\" rel=\"noopener\">ED. VISUAL<\/a><\/li>\n<li><a href=\"https:\/\/drive.google.com\/drive\/folders\/1g80MFufgc61RM8Gk4aRfqkFNWfimRdwx\" target=\"_blank\" rel=\"noopener\">EMRC<\/a><\/li>\n<li><a href=\"https:\/\/drive.google.com\/drive\/folders\/1WF4lhE6v8_H1lxITd73jjQc4mERL0knf\" target=\"_blank\" rel=\"noopener\">ESPANHOL<\/a><\/li>\n<li><a href=\"https:\/\/drive.google.com\/drive\/folders\/1KKK6ZpGJHQpXdX0voS4DhtqfuOINsF_7\" target=\"_blank\" rel=\"noopener\">FRANC\u00caS<\/a><\/li>\n<li><a href=\"https:\/\/drive.google.com\/drive\/folders\/1HbUO6Rp3lj_huwT7fQDuJOirMXKojPVh\" target=\"_blank\" rel=\"noopener\">F\u00cdSICO-QU\u00cdMICA<\/a><\/li>\n<li><a href=\"https:\/\/drive.google.com\/drive\/folders\/1GISSk7bU4_1olOZBmzhZiL2oQJ0_L3d4\" target=\"_blank\" rel=\"noopener\">GEOGRAFIA<\/a><\/li>\n<li><a href=\"https:\/\/drive.google.com\/drive\/folders\/1SnJiE2yYUs56E-W3KYkPQflgcg7D9zBw\" target=\"_blank\" rel=\"noopener\">HIST\u00d3RIA<\/a><\/li>\n<li><a href=\"https:\/\/drive.google.com\/drive\/folders\/1e3DSw0HLLg-XHzgxRofv4wmX-j8tl8up\" target=\"_blank\" rel=\"noopener\">HIST\u00d3RIA E GEOGRAFIA DE PORTUGAL<\/a><\/li>\n<li><a href=\"https:\/\/drive.google.com\/drive\/folders\/1lO-7NJ60ymClx5JqdvcauFA5wfElP0yn\" target=\"_blank\" rel=\"noopener\">INGL\u00caS<\/a><\/li>\n<li><a href=\"https:\/\/drive.google.com\/drive\/folders\/1tHyRJ6k9pDaI9N1-t3ySxrGld0EhNRW5\" target=\"_blank\" rel=\"noopener\">MATEM\u00c1TICA<\/a><\/li>\n<li><a href=\"https:\/\/drive.google.com\/drive\/folders\/1ruKPF3mVSjYQHVKoxIrNbYhvL10GV2B6\" target=\"_blank\" rel=\"noopener\">PLNM<\/a><\/li>\n<li><a href=\"https:\/\/drive.google.com\/drive\/folders\/1OgsX6VPi2ByYEBH4GmtjAqsKD802GUpr\" target=\"_blank\" rel=\"noopener\">PORTUGU\u00caS<\/a><\/li>\n<li><a href=\"https:\/\/drive.google.com\/drive\/folders\/18g7yVqzwJHDLQrVdOUcdq-zGhWBEALeA\" target=\"_blank\" rel=\"noopener\">PR\u00c9-ESCOLAR<\/a><\/li>\n<li><a href=\"https:\/\/drive.google.com\/drive\/folders\/1A7a8DgFgR_i--162yRnhaz5bgSTlDH4D\" target=\"_blank\" rel=\"noopener\">TIC<\/a><\/li>\n<\/ul>\n\n\t\t<\/div>\n\t<\/div>\n<\/div><\/div><\/div><\/div>\n<\/section>","protected":false},"excerpt":{"rendered":"CRIT\u00c9RIOS DE AVALIA\u00c7\u00c3O 1\u00ba CICLO CIDADANIA E DESENVOLVIMENTO CI\u00caNCIAS NATURAIS ED. F\u00cdSICA ED. INCLUSIVA ED. MUSICAL ED. TECNOL\u00d3GICA ED. VISUAL EMRC ESPANHOL FRANC\u00caS F\u00cdSICO-QU\u00cdMICA GEOGRAFIA HIST\u00d3RIA HIST\u00d3RIA E GEOGRAFIA DE PORTUGAL INGL\u00caS MATEM\u00c1TICA PLNM PORTUGU\u00caS PR\u00c9-ESCOLAR TIC","protected":false},"author":3,"featured_media":0,"parent":0,"menu_order":8,"comment_status":"closed","ping_status":"closed","template":"template-sidebar-right-childpages.php","meta":{"footnotes":""},"class_list":["post-5608","page","type-page","status-publish","hentry","odd"],"_links":{"self":[{"href":"https:\/\/aedpedroiv.net\/en\/wp-json\/wp\/v2\/pages\/5608","targetHints":{"allow":["GET"]}}],"collection":[{"href":"https:\/\/aedpedroiv.net\/en\/wp-json\/wp\/v2\/pages"}],"about":[{"href":"https:\/\/aedpedroiv.net\/en\/wp-json\/wp\/v2\/types\/page"}],"author":[{"embeddable":true,"href":"https:\/\/aedpedroiv.net\/en\/wp-json\/wp\/v2\/users\/3"}],"replies":[{"embeddable":true,"href":"https:\/\/aedpedroiv.net\/en\/wp-json\/wp\/v2\/comments?post=5608"}],"version-history":[{"count":2,"href":"https:\/\/aedpedroiv.net\/en\/wp-json\/wp\/v2\/pages\/5608\/revisions"}],"predecessor-version":[{"id":5610,"href":"https:\/\/aedpedroiv.net\/en\/wp-json\/wp\/v2\/pages\/5608\/revisions\/5610"}],"wp:attachment":[{"href":"https:\/\/aedpedroiv.net\/en\/wp-json\/wp\/v2\/media?parent=5608"}],"curies":[{"name":"wp","href":"https:\/\/api.w.org\/{rel}","templated":true}]}}