{"id":5601,"date":"2026-02-01T08:33:21","date_gmt":"2026-02-01T08:33:21","guid":{"rendered":"https:\/\/novo.aedpedroiv.net\/?page_id=5601"},"modified":"2026-03-12T16:23:48","modified_gmt":"2026-03-12T16:23:48","slug":"associacoes-pais","status":"publish","type":"page","link":"https:\/\/aedpedroiv.net\/en\/associacoes-pais\/","title":{"rendered":"ASSOCIA\u00c7\u00d5ES DE PAIS"},"content":{"rendered":"<section class=\"wpb-content-wrapper\"><div class=\"vc_row wpb_row vc_row-fluid\"><div class=\"wpb_column vc_column_container vc_col-sm-12\"><div class=\"vc_column-inner vc_custom_1770306454491\"><div class=\"wpb_wrapper\"><h1 style=\"text-align: left\" class=\"vc_custom_heading vc_custom_1770647456311\" >ASSOCIA\u00c7\u00d5ES DE PAIS<\/h1><\/div><\/div><\/div><\/div><div class=\"vc_row wpb_row vc_row-fluid\"><div class=\"wpb_column vc_column_container vc_col-sm-12\"><div class=\"vc_column-inner\"><div class=\"wpb_wrapper\">\n\t<div class=\"wpb_text_column wpb_content_element\" >\n\t\t<div class=\"wpb_wrapper\">\n\t\t\t<ul>\n<li><a href=\"https:\/\/drive.google.com\/file\/d\/1-zXFaVwIgWfWFlBKzJ5GY2OrVYSVH7TR\/view\" target=\"_blank\" rel=\"noopener\">Associa\u00e7\u00e3o de Pais da Escola EB 2\/3 D.Pedro IV &#8211; Mindelo<\/a><\/li>\n<li><a href=\"https:\/\/drive.google.com\/file\/d\/135q3zt6IkaT-BpQvWPQiF2wggR0bUQZz\/view\" target=\"_blank\" rel=\"noopener\">Associa\u00e7\u00e3o de Pais das Escolas EB de Vilar e Mosteir\u00f3<\/a><\/li>\n<li><a href=\"https:\/\/drive.google.com\/file\/d\/1TaAu2vHH80eHcJgd6dSTPIyoCbSxQmGn\/view\" target=\"_blank\" rel=\"noopener\">Associa\u00e7\u00e3o de Pais EB de Aveleda<\/a><\/li>\n<li><a href=\"https:\/\/drive.google.com\/file\/d\/1fLBoRvOVGoY4VCMyxb-NyJMi1mgAneu3\/view?usp=drive_web\" target=\"_blank\" rel=\"noopener\">Associa\u00e7\u00e3o de Pais EB Gi\u00e3o de Cima<\/a><\/li>\n<li><a href=\"https:\/\/drive.google.com\/file\/d\/1nQp7RX0iwHmcQlEMSpxyLrR-UkXXFVzl\/view\" target=\"_blank\" rel=\"noopener\">Associa\u00e7\u00e3o de Pais EB Gon\u00e7alo Mendes da Maia<\/a><\/li>\n<li><a href=\"https:\/\/drive.google.com\/file\/d\/1Tk-7q9nj8OAuzUpo9ScZCsJijXJxR8ys\/view?usp=drive_web\" target=\"_blank\" rel=\"noopener\">Associa\u00e7\u00e3o de Pais EB de Labruge<\/a><\/li>\n<li><a href=\"https:\/\/drive.google.com\/file\/d\/1UxQJxQL0Fvzvyul6madPvM5zUSN9KUAT\/view?usp=drive_web\" target=\"_blank\" rel=\"noopener\">Associa\u00e7\u00e3o de Pais EB de Mindelo<\/a><\/li>\n<li><a href=\"https:\/\/drive.google.com\/file\/d\/1XLSmqfOzDC1gTx1WiY_LQS_kqT3qpUXd\/view?usp=drive_web\" target=\"_blank\" rel=\"noopener\">Associa\u00e7\u00e3o de Pais EB Igreja &#8211; Modivas<\/a><\/li>\n<li><a href=\"https:\/\/drive.google.com\/file\/d\/1hG27VHPYD48DdtfEy2cKXtd0em6IqnQE\/view?usp=drive_web\" target=\"_blank\" rel=\"noopener\">Associa\u00e7\u00e3o de Pais EB de Vair\u00e3o<\/a><\/li>\n<li><a href=\"https:\/\/drive.google.com\/file\/d\/1QbG0T6seDGTb1CySJVy57-Y3nEGHf_r_\/view?usp=drive_web\" target=\"_blank\" rel=\"noopener\">Associa\u00e7\u00e3o de Pais EB Igreja &#8211; Vila Ch\u00e3<\/a><\/li>\n<li><a href=\"https:\/\/drive.google.com\/file\/d\/1wcFCXj3S6yipFekyHfo0oNql-Eqkhps-\/view?usp=drive_web\" target=\"_blank\" rel=\"noopener\">Associa\u00e7\u00e3o de Pais EB Igreja &#8211; Malta<\/a><\/li>\n<\/ul>\n<p><!--more--><\/p>\n\n\t\t<\/div>\n\t<\/div>\n<\/div><\/div><\/div><\/div>\n<\/section>","protected":false},"excerpt":{"rendered":"<p>Associa\u00e7\u00e3o de Pais da Escola EB 2\/3 D.Pedro IV &#8211; Mindelo Associa\u00e7\u00e3o de Pais das Escolas EB de Vilar e Mosteir\u00f3 Associa\u00e7\u00e3o de Pais EB de Aveleda Associa\u00e7\u00e3o de Pais EB Gi\u00e3o de Cima Associa\u00e7\u00e3o de Pais EB Gon\u00e7alo Mendes da Maia Associa\u00e7\u00e3o de Pais&nbsp;<a href=\"https:\/\/aedpedroiv.net\/en\/associacoes-pais\/\">&hellip;<\/a><\/p>","protected":false},"author":3,"featured_media":0,"parent":0,"menu_order":8,"comment_status":"closed","ping_status":"closed","template":"template-sidebar-right-childpages.php","meta":{"footnotes":""},"class_list":["post-5601","page","type-page","status-publish","hentry","odd"],"_links":{"self":[{"href":"https:\/\/aedpedroiv.net\/en\/wp-json\/wp\/v2\/pages\/5601","targetHints":{"allow":["GET"]}}],"collection":[{"href":"https:\/\/aedpedroiv.net\/en\/wp-json\/wp\/v2\/pages"}],"about":[{"href":"https:\/\/aedpedroiv.net\/en\/wp-json\/wp\/v2\/types\/page"}],"author":[{"embeddable":true,"href":"https:\/\/aedpedroiv.net\/en\/wp-json\/wp\/v2\/users\/3"}],"replies":[{"embeddable":true,"href":"https:\/\/aedpedroiv.net\/en\/wp-json\/wp\/v2\/comments?post=5601"}],"version-history":[{"count":5,"href":"https:\/\/aedpedroiv.net\/en\/wp-json\/wp\/v2\/pages\/5601\/revisions"}],"predecessor-version":[{"id":5754,"href":"https:\/\/aedpedroiv.net\/en\/wp-json\/wp\/v2\/pages\/5601\/revisions\/5754"}],"wp:attachment":[{"href":"https:\/\/aedpedroiv.net\/en\/wp-json\/wp\/v2\/media?parent=5601"}],"curies":[{"name":"wp","href":"https:\/\/api.w.org\/{rel}","templated":true}]}}