{"id":5586,"date":"2026-02-01T08:33:21","date_gmt":"2026-02-01T08:33:21","guid":{"rendered":"https:\/\/novo.aedpedroiv.net\/?page_id=5586"},"modified":"2026-02-09T14:15:23","modified_gmt":"2026-02-09T14:15:23","slug":"plano-formacao","status":"publish","type":"page","link":"https:\/\/aedpedroiv.net\/en\/plano-formacao\/","title":{"rendered":"PLANO DE FORMA\u00c7\u00c3O"},"content":{"rendered":"<section class=\"wpb-content-wrapper\"><div class=\"vc_row wpb_row vc_row-fluid\"><div class=\"wpb_column vc_column_container vc_col-sm-12\"><div class=\"vc_column-inner vc_custom_1770306454491\"><div class=\"wpb_wrapper\"><h1 style=\"text-align: left\" class=\"vc_custom_heading vc_custom_1770646324602\" >PLANO DE FORMA\u00c7\u00c3O<\/h1><\/div><\/div><\/div><\/div><div class=\"vc_row wpb_row vc_row-fluid\"><div class=\"wpb_column vc_column_container vc_col-sm-12\"><div class=\"vc_column-inner\"><div class=\"wpb_wrapper\">\n\t<div class=\"wpb_text_column wpb_content_element\" >\n\t\t<div class=\"wpb_wrapper\">\n\t\t\t<ul>\n<li><a href=\"https:\/\/drive.google.com\/file\/d\/1Stnl9LWe6OUenbdGeZFf5mKjy72G9fHp\/view?usp=drive_web\" target=\"_blank\" rel=\"noopener\">Plano de Forma\u00e7\u00e3o &#8211; 2\u00aa fase<\/a><\/li>\n<li><a href=\"https:\/\/drive.google.com\/file\/d\/1KZN69UUnwN-1rQpdWt0cC38wwvUXwavn\/view?usp=drive_web\" target=\"_blank\" rel=\"noopener\">Plano de Forma\u00e7\u00e3o &#8211; 3\u00aa fase<\/a><\/li>\n<\/ul>\n\n\t\t<\/div>\n\t<\/div>\n<\/div><\/div><\/div><\/div>\n<\/section>","protected":false},"excerpt":{"rendered":"PLANO DE FORMA\u00c7\u00c3O Plano de Forma\u00e7\u00e3o - 2\u00aa fase Plano de Forma\u00e7\u00e3o - 3\u00aa fase","protected":false},"author":3,"featured_media":0,"parent":0,"menu_order":8,"comment_status":"closed","ping_status":"closed","template":"template-sidebar-right-childpages.php","meta":{"footnotes":""},"class_list":["post-5586","page","type-page","status-publish","hentry","odd"],"_links":{"self":[{"href":"https:\/\/aedpedroiv.net\/en\/wp-json\/wp\/v2\/pages\/5586","targetHints":{"allow":["GET"]}}],"collection":[{"href":"https:\/\/aedpedroiv.net\/en\/wp-json\/wp\/v2\/pages"}],"about":[{"href":"https:\/\/aedpedroiv.net\/en\/wp-json\/wp\/v2\/types\/page"}],"author":[{"embeddable":true,"href":"https:\/\/aedpedroiv.net\/en\/wp-json\/wp\/v2\/users\/3"}],"replies":[{"embeddable":true,"href":"https:\/\/aedpedroiv.net\/en\/wp-json\/wp\/v2\/comments?post=5586"}],"version-history":[{"count":2,"href":"https:\/\/aedpedroiv.net\/en\/wp-json\/wp\/v2\/pages\/5586\/revisions"}],"predecessor-version":[{"id":5588,"href":"https:\/\/aedpedroiv.net\/en\/wp-json\/wp\/v2\/pages\/5586\/revisions\/5588"}],"wp:attachment":[{"href":"https:\/\/aedpedroiv.net\/en\/wp-json\/wp\/v2\/media?parent=5586"}],"curies":[{"name":"wp","href":"https:\/\/api.w.org\/{rel}","templated":true}]}}