{"id":5580,"date":"2026-02-01T08:32:22","date_gmt":"2026-02-01T08:32:22","guid":{"rendered":"https:\/\/novo.aedpedroiv.net\/?page_id=5580"},"modified":"2026-02-09T14:15:52","modified_gmt":"2026-02-09T14:15:52","slug":"servico-social","status":"publish","type":"page","link":"https:\/\/aedpedroiv.net\/en\/servico-social\/","title":{"rendered":"SERVI\u00c7O SOCIAL"},"content":{"rendered":"<section class=\"wpb-content-wrapper\"><div class=\"vc_row wpb_row vc_row-fluid\"><div class=\"wpb_column vc_column_container vc_col-sm-12\"><div class=\"vc_column-inner vc_custom_1770309132150\"><div class=\"wpb_wrapper\"><h1 style=\"text-align: left\" class=\"vc_custom_heading vc_custom_1770645883705\" >SERVI\u00c7O SOCIAL<\/h1>\n\t<div class=\"wpb_text_column wpb_content_element  vc_custom_1770288461486\" >\n\t\t<div class=\"wpb_wrapper\">\n\t\t\t<p dir=\"ltr\"><a href=\"mailto:gestao@aedpedroiv.net\" target=\"_blank\" rel=\"noopener\"><i class=\"fas fa-envelope\" ><\/i> gestao@aedpedroiv.net<\/a><\/p>\n\n\t\t<\/div>\n\t<\/div>\n<\/div><\/div><\/div><\/div><div class=\"vc_row wpb_row vc_row-fluid\"><div class=\"wpb_column vc_column_container vc_col-sm-12\"><div class=\"vc_column-inner\"><div class=\"wpb_wrapper\">\n\t<div class=\"wpb_text_column wpb_content_element\" >\n\t\t<div class=\"wpb_wrapper\">\n\t\t\t<p><strong>MISS\u00c3O<\/strong><br \/>\nO Servi\u00e7o Social (SS) no contexto educativo \u00e9 caracterizado por uma \u00e1rea que trabalha interdisciplinarmente, e por uma constante aproxima\u00e7\u00e3o e parceria com as institui\u00e7\u00f5es que se dedicam a defender a cidadania e os direitos humanos e sociais, seja na fam\u00edlia, na escola, na comunidade, ou na sociedade. A principal miss\u00e3o \u00e9 a qualifica\u00e7\u00e3o acad\u00e9mica e profissional, essencial para a promo\u00e7\u00e3o da inclus\u00e3o social, nomeadamente a alunos\/grupos que se encontrem associados, no plano escolar, insucesso, problemas de integra\u00e7\u00e3o, risco de abandono e serem condicionantes da aprendizagem.<\/p>\n<p><strong>AS PRINCIPAIS PR\u00c1TICAS\/A\u00c7\u00d5ES<\/strong><br \/>\nA Assistente Social interv\u00e9m e faz a preven\u00e7\u00e3o junto dos jovens\/crian\u00e7as com necessidades sociais, emocionais e acad\u00e9micas, trabalhando com os diretores de turma, dos professores titulares e dos encarregados de educa\u00e7\u00e3o, que manifestem trajet\u00f3rias escolares caracterizadas por:<br \/>\n\u2022 O abandono e absentismo escolar.<br \/>\n\u2022 Viol\u00eancia escolar.<br \/>\n\u2022 Fam\u00edlias multiproblem\u00e1ticas.<br \/>\n\u2022 Neglig\u00eancia familiar.<br \/>\n\u2022 Elabora\u00e7\u00e3o e execu\u00e7\u00e3o de programas de orienta\u00e7\u00e3o sociofamiliar, visando prevenir a evas\u00e3o escolar e melhorar o desempenho e rendimento do aluno e sua forma\u00e7\u00e3o para o exerc\u00edcio da cidadania.<br \/>\n\u2022 Participa\u00e7\u00e3o, em equipa multidisplinar, na elabora\u00e7\u00e3o de programas que visem prevenir a viol\u00eancia; o uso de drogas e o alcoolismo, bem como que visem prestar esclarecimentos e informa\u00e7\u00f5es sobre outros temas.<br \/>\n\u2022 Articula\u00e7\u00e3o com institui\u00e7\u00f5es p\u00fablicas, privadas, assistenciais e organiza\u00e7\u00f5es comunit\u00e1rias locais, com vistas ao encaminhamento de pais e alunos para atendimento de suas necessidades.<br \/>\n\u2022 Elabora\u00e7\u00e3o e desenvolvimento de programas espec\u00edficos nas escolas onde existam classes especiais.<\/p>\n<p><strong>ONDE SE ENCONTRA<\/strong><br \/>\nO Servi\u00e7o Social conta com uma assistente social a tempo parcial.<br \/>\n&#8211; <strong>Assistente Social:<\/strong> Guilhermina Janeiro<\/p>\n<p><strong>ONDE FICA?<\/strong><br \/>\nO Servi\u00e7o Social tem dois gabinetes, um na Escola B\u00e1sica D. Pedro IV, Mindelo, e outro na Escola B\u00e1sica Maria Pais Ribeiro &#8211; A Ribeirinha. Na EB D. Pedro IV situa-se ao lado da biblioteca, no primeiro andar. Na EB \u201cA Ribeirinha\u201d, localiza-se no r\u00e9s-do-ch\u00e3o, ao lado do gabinete da dire\u00e7\u00e3o.<\/p>\n\n\t\t<\/div>\n\t<\/div>\n<\/div><\/div><\/div><\/div><div class=\"vc_row wpb_row vc_row-fluid\"><div class=\"wpb_column vc_column_container vc_col-sm-12\"><div class=\"vc_column-inner\"><div class=\"wpb_wrapper\"><div class=\"vc_separator wpb_content_element vc_separator_align_center vc_sep_width_100 vc_sep_pos_align_center vc_separator_no_text vc_sep_color_black\" ><span class=\"vc_sep_holder vc_sep_holder_l\"><span class=\"vc_sep_line\"><\/span><\/span><span class=\"vc_sep_holder vc_sep_holder_r\"><span class=\"vc_sep_line\"><\/span><\/span>\n<\/div>\n\t<div class=\"wpb_text_column wpb_content_element\" >\n\t\t<div class=\"wpb_wrapper\">\n\t\t\t<h4>Como pedir ajuda?<\/h4>\n\n\t\t<\/div>\n\t<\/div>\n<div class=\"vc_separator wpb_content_element vc_separator_align_center vc_sep_width_100 vc_sep_pos_align_center vc_separator_no_text vc_sep_color_black\" ><span class=\"vc_sep_holder vc_sep_holder_l\"><span class=\"vc_sep_line\"><\/span><\/span><span class=\"vc_sep_holder vc_sep_holder_r\"><span class=\"vc_sep_line\"><\/span><\/span>\n<\/div><\/div><\/div><\/div><\/div><div class=\"vc_row wpb_row vc_row-fluid\"><div class=\"wpb_column vc_column_container vc_col-sm-12\"><div class=\"vc_column-inner\"><div class=\"wpb_wrapper\">\n\t<div class=\"wpb_text_column wpb_content_element\" >\n\t\t<div class=\"wpb_wrapper\">\n\t\t\t<p><strong>Encarregado de Educa\u00e7\u00e3o:<\/strong><br \/>\n1. Fazer pedido de avalia\u00e7\u00e3o\/acompanhamento pelo servi\u00e7o junto do professor titular de turma ou do diretor de turma, que dever\u00e1 fazer a sinaliza\u00e7\u00e3o online.<br \/>\n2. Entregar a autoriza\u00e7\u00e3o ao Professor titular\/Diretor de Turma, ou no gabinete de Servi\u00e7o Social depois de estar devidamente preenchida e assinada.<\/p>\n<p><strong>Educador\/Professor titular\/Diretor de turma:<\/strong><br \/>\nFalar com encarregado de educa\u00e7\u00e3o, explicitando os motivos da necessidade de avalia\u00e7\u00e3o\/acompanhamento pelo servi\u00e7o social.<\/p>\n\n\t\t<\/div>\n\t<\/div>\n<\/div><\/div><\/div><\/div><div class=\"vc_row wpb_row vc_row-fluid\"><div class=\"wpb_column vc_column_container vc_col-sm-12\"><div class=\"vc_column-inner\"><div class=\"wpb_wrapper\"><div class=\"vc_separator wpb_content_element vc_separator_align_center vc_sep_width_100 vc_sep_pos_align_center vc_sep_color_black vc_separator-has-text\" ><span class=\"vc_sep_holder vc_sep_holder_l\"><span class=\"vc_sep_line\"><\/span><\/span><h4>SERVI\u00c7O SOCIAL - CONTACTOS<\/h4><span class=\"vc_sep_holder vc_sep_holder_r\"><span class=\"vc_sep_line\"><\/span><\/span>\n<\/div><\/div><\/div><\/div><\/div><div class=\"vc_row wpb_row vc_row-fluid\"><div class=\"wpb_column vc_column_container vc_col-sm-6\"><div class=\"vc_column-inner\"><div class=\"wpb_wrapper\">\n\t<div  class=\"wpb_single_image wpb_content_element vc_align_center\">\n\t\t\n\t\t<figure class=\"wpb_wrapper vc_figure\">\n\t\t\t<div class=\"vc_single_image-wrapper   vc_box_border_grey\"><img loading=\"lazy\" decoding=\"async\" width=\"150\" height=\"150\" src=\"https:\/\/aedpedroiv.net\/wp-content\/uploads\/2026\/02\/SSOCIAL-150x150.jpg\" class=\"vc_single_image-img attachment-thumbnail\" alt=\"\" title=\"SSOCIAL\" \/><\/div>\n\t\t<\/figure>\n\t<\/div>\n<\/div><\/div><\/div><div class=\"wpb_column vc_column_container vc_col-sm-6\"><div class=\"vc_column-inner\"><div class=\"wpb_wrapper\">\n\t<div class=\"wpb_text_column wpb_content_element\" >\n\t\t<div class=\"wpb_wrapper\">\n\t\t\t<p class=\"mbr-text mbr-fonts-style mb-4 display-4\">\u201c\u2026a educa\u00e7\u00e3o sozinha n\u00e3o transforma a sociedade, mas tampouco sem ela a sociedade muda.\u201d<\/p>\n<p>Dra. Guilhermina Janeiro<br \/>\n<a href=\"mailto:as.guilherminajaneiro@aedpedroiv.net\">as.guilherminajaneiro@aedpedroiv.net<\/a><\/p>\n\n\t\t<\/div>\n\t<\/div>\n<\/div><\/div><\/div><\/div>\n<\/section>","protected":false},"excerpt":{"rendered":"SERVI\u00c7O SOCIAL gestao@aedpedroiv.net MISS\u00c3O O Servi\u00e7o Social (SS) no contexto educativo \u00e9 caracterizado por uma \u00e1rea que trabalha interdisciplinarmente, e por uma constante aproxima\u00e7\u00e3o e parceria com as institui\u00e7\u00f5es que se dedicam a defender a cidadania e os direitos humanos e sociais, seja na fam\u00edlia,&nbsp;<a href=\"https:\/\/aedpedroiv.net\/en\/servico-social\/\">&hellip;<\/a>","protected":false},"author":3,"featured_media":0,"parent":0,"menu_order":3,"comment_status":"closed","ping_status":"closed","template":"template-sidebar-right-childpages.php","meta":{"footnotes":""},"class_list":["post-5580","page","type-page","status-publish","hentry","odd"],"_links":{"self":[{"href":"https:\/\/aedpedroiv.net\/en\/wp-json\/wp\/v2\/pages\/5580","targetHints":{"allow":["GET"]}}],"collection":[{"href":"https:\/\/aedpedroiv.net\/en\/wp-json\/wp\/v2\/pages"}],"about":[{"href":"https:\/\/aedpedroiv.net\/en\/wp-json\/wp\/v2\/types\/page"}],"author":[{"embeddable":true,"href":"https:\/\/aedpedroiv.net\/en\/wp-json\/wp\/v2\/users\/3"}],"replies":[{"embeddable":true,"href":"https:\/\/aedpedroiv.net\/en\/wp-json\/wp\/v2\/comments?post=5580"}],"version-history":[{"count":4,"href":"https:\/\/aedpedroiv.net\/en\/wp-json\/wp\/v2\/pages\/5580\/revisions"}],"predecessor-version":[{"id":5585,"href":"https:\/\/aedpedroiv.net\/en\/wp-json\/wp\/v2\/pages\/5580\/revisions\/5585"}],"wp:attachment":[{"href":"https:\/\/aedpedroiv.net\/en\/wp-json\/wp\/v2\/media?parent=5580"}],"curies":[{"name":"wp","href":"https:\/\/api.w.org\/{rel}","templated":true}]}}