{"id":5570,"date":"2017-02-14T08:32:22","date_gmt":"2017-02-14T08:32:22","guid":{"rendered":"https:\/\/novo.aedpedroiv.net\/?page_id=5570"},"modified":"2026-03-20T09:41:24","modified_gmt":"2026-03-20T09:41:24","slug":"spo","status":"publish","type":"page","link":"https:\/\/aedpedroiv.net\/en\/spo\/","title":{"rendered":"SPO"},"content":{"rendered":"<section class=\"wpb-content-wrapper\"><div class=\"vc_row wpb_row vc_row-fluid\"><div class=\"wpb_column vc_column_container vc_col-sm-8\"><div class=\"vc_column-inner vc_custom_1770309132150\"><div class=\"wpb_wrapper\"><h1 style=\"text-align: left\" class=\"vc_custom_heading vc_custom_1770309021375\" >SPO - SERVI\u00c7O DE PSICOLOGIA E ORIENTA\u00c7\u00c3O<\/h1>\n\t<div class=\"wpb_text_column wpb_content_element  vc_custom_1770288461486\" >\n\t\t<div class=\"wpb_wrapper\">\n\t\t\t<p dir=\"ltr\"><a href=\"mailto:gestao@aedpedroiv.net\" target=\"_blank\" rel=\"noopener\"><i class=\"fas fa-envelope\" ><\/i> gestao@aedpedroiv.net<\/a><\/p>\n\n\t\t<\/div>\n\t<\/div>\n<\/div><\/div><\/div><div class=\"wpb_column vc_column_container vc_col-sm-4\"><div class=\"vc_column-inner\"><div class=\"wpb_wrapper\"><a href=\"https:\/\/sites.google.com\/aedpedroiv.net\/spo\/atividades-spo\" class=\"wh-alt-button  scp_theme_button-7a3e8bdfe841c50864436b8225f33655\" target=\"_blank\">CONSULTAR ATIVIDADES SPO<\/a><\/div><\/div><\/div><\/div><div class=\"vc_row wpb_row vc_row-fluid\"><div class=\"wpb_column vc_column_container vc_col-sm-12\"><div class=\"vc_column-inner\"><div class=\"wpb_wrapper\">\n\t<div class=\"wpb_text_column wpb_content_element\" >\n\t\t<div class=\"wpb_wrapper\">\n\t\t\t<p><strong>O QUE \u00c9?<\/strong><br \/>\nEnquanto recurso da escola, o Servi\u00e7o de Psicologia e Orienta\u00e7\u00e3o do<br \/>\nAgrupamento de Escolas D. Pedro IV tem como principais objetivos a<br \/>\npromo\u00e7\u00e3o da sa\u00fade psicol\u00f3gica da comunidade educativa, o aumento do<br \/>\nsucesso educativo, a redu\u00e7\u00e3o do abandono escolar, a motiva\u00e7\u00e3o para o estudo<br \/>\ne a melhoria cont\u00ednua entre as compet\u00eancias, prefer\u00eancias e caracter\u00edsticas<br \/>\ndas crian\u00e7as e jovens. Depois do levantamento das caracter\u00edsticas e<br \/>\nnecessidades da comunidade educativa, em estreita articula\u00e7\u00e3o com corpo<br \/>\ndocente e n\u00e3o docente, fam\u00edlias e encarregados de educa\u00e7\u00e3o e outros agentes<br \/>\neducativos do meio envolvente, promove contextos facilitadores da<br \/>\naprendizagem e bem-estar, sugere medidas inclusivas de atua\u00e7\u00e3o pedag\u00f3gica<br \/>\ne desenvolve, atrav\u00e9s de programas e projetos, compet\u00eancias pessoais,<br \/>\nsocioemocionais e profissionais.<br \/>\nEste servi\u00e7o atua de forma integrada e desenvolve a sua atividade em tr\u00eas<br \/>\ngrandes eixos de interven\u00e7\u00e3o:<br \/>\n1. Interven\u00e7\u00e3o universal, de cariz promocional e preventivo, dirigida a todos os<br \/>\nparticipantes no contexto educativo;<br \/>\n2. Interven\u00e7\u00e3o seletiva e focalizada, dirigida a grupos-alvo que necessitem de<br \/>\nalgum apoio ou monitoriza\u00e7\u00e3o espec\u00edfica;<br \/>\n3. Interven\u00e7\u00e3o intensiva, de natureza remediativa, dirigida a pessoas que<br \/>\nnecessitem de apoio para problemas cr\u00f3nicos ou em crise;<\/p>\n<p><strong>QUAIS AS PRINCIPAIS FUN\u00c7\u00d5ES?<\/strong><br \/>\n\u2013 Colaborar no levantamento de caracter\u00edsticas e necessidades da comunidade<br \/>\neducativa, propondo medidas adequadas de atua\u00e7\u00e3o;<br \/>\n\u2013 Colaborar com as diferentes estruturas, projetos e equipas pedag\u00f3gicas e<br \/>\nprestar apoio psicopedag\u00f3gico a professores, encarregados de educa\u00e7\u00e3o,<br \/>\nfam\u00edlias e alunos, com vista \u00e0 sensibiliza\u00e7\u00e3o e diminui\u00e7\u00e3o do insucesso e<br \/>\nabandono escolares;<br \/>\n\u2013 Desenvolver a\u00e7\u00f5es de informa\u00e7\u00e3o e sensibiliza\u00e7\u00e3o para a comunidade<br \/>\neducativa, referentes a tem\u00e1ticas espec\u00edficas da \u00e1rea da psicologia e da<br \/>\norienta\u00e7\u00e3o escolar e profissional.<br \/>\n\u2013 Criar e aplicar projetos e programas de desenvolvimento vocacional, de<br \/>\ncompet\u00eancias socioemocionais e cognitivas, de assertividade e motiva\u00e7\u00e3o, de<br \/>\npreven\u00e7\u00e3o de comportamentos de risco e de dete\u00e7\u00e3o precoce de dificuldades<\/p>\n<p>de aprendizagem.<br \/>\n\u2013 Avaliar e intervir a n\u00edvel individual e\/ou em grupo no sentido de caracterizar e<br \/>\najudar a superar as dificuldades de aprendizagem, emocionais,<br \/>\ncomportamentais e\/ou cognitivas;<\/p>\n<p><strong>QUEM FAZ PARTE DO SERVI\u00c7O?<\/strong><br \/>\nO Servi\u00e7o de Psicologia conta com duas psic\u00f3logas, uma a tempo integral e<br \/>\noutra a meio tempo.<br \/>\n\u25cf Psic\u00f3loga Ana Neto<br \/>\n\u25cf Psic\u00f3loga Isabel Vasconcelos<\/p>\n<p><strong>ONDE FICA?<\/strong><br \/>\nO SPO tem dois gabinetes, um na Escola EB 2\/3 D. Pedro IV e outro na Escola<br \/>\nEB 2\/3 Maria Pais Ribeiro \u201cRibeirinha\u201d, um no andar de cima ao lado da<br \/>\nbiblioteca e outro no r\u00e9s-do-ch\u00e3o ao lado da sala do GID.<\/p>\n<p><strong>COMO PEDIR AJUDA?<\/strong><\/p>\n<p>Encarregado de Educa\u00e7\u00e3o:<br \/>\n\u2013 Fazer a sinaliza\u00e7\u00e3o\/pedido de avalia\u00e7\u00e3o\/acompanhamento pelo servi\u00e7o<br \/>\n\u2013 Para fazer a sinaliza\u00e7\u00e3o, ligue para a escola sede e pe\u00e7a para falar com o<br \/>\nServi\u00e7o de Psicologia (252670020 \/ 252660120)<\/p>\n<p>Educador\/Professor titular\/Diretor de turma:<br \/>\n\u2013 Entregar a autoriza\u00e7\u00e3o ao Diretor de Turma da turma do\/a seu\/sua<br \/>\neducando\/a, depois de devidamente assinada:<br \/>\n\u2013 Para aceder \u00e0 autoriza\u00e7\u00e3o aceda AQUI<\/p>\n<p><strong>ALUNO:<\/strong><br \/>\nFala com o teu Diretor de Turma e pede autoriza\u00e7\u00e3o ao teu Encarregado de<br \/>\nEduca\u00e7\u00e3o.<\/p>\n\n\t\t<\/div>\n\t<\/div>\n<\/div><\/div><\/div><\/div><div class=\"vc_row wpb_row vc_row-fluid\"><div class=\"wpb_column vc_column_container vc_col-sm-12\"><div class=\"vc_column-inner\"><div class=\"wpb_wrapper\"><div class=\"vc_separator wpb_content_element vc_separator_align_center vc_sep_width_100 vc_sep_pos_align_center vc_separator_no_text vc_sep_color_black\" ><span class=\"vc_sep_holder vc_sep_holder_l\"><span class=\"vc_sep_line\"><\/span><\/span><span class=\"vc_sep_holder vc_sep_holder_r\"><span class=\"vc_sep_line\"><\/span><\/span>\n<\/div>\n\t<div class=\"wpb_text_column wpb_content_element\" >\n\t\t<div class=\"wpb_wrapper\">\n\t\t\t<h4>Como pedir ajuda?<\/h4>\n\n\t\t<\/div>\n\t<\/div>\n<div class=\"vc_separator wpb_content_element vc_separator_align_center vc_sep_width_100 vc_sep_pos_align_center vc_separator_no_text vc_sep_color_black\" ><span class=\"vc_sep_holder vc_sep_holder_l\"><span class=\"vc_sep_line\"><\/span><\/span><span class=\"vc_sep_holder vc_sep_holder_r\"><span class=\"vc_sep_line\"><\/span><\/span>\n<\/div><\/div><\/div><\/div><\/div><div class=\"vc_row wpb_row vc_row-fluid\"><div class=\"wpb_column vc_column_container vc_col-sm-12\"><div class=\"vc_column-inner\"><div class=\"wpb_wrapper\">\n\t<div class=\"wpb_text_column wpb_content_element\" >\n\t\t<div class=\"wpb_wrapper\">\n\t\t\t<p><strong>Encarregado de Educa\u00e7\u00e3o:<\/strong><br \/>\n&#8211; Fazer a sinaliza\u00e7\u00e3o\/pedido de avalia\u00e7\u00e3o\/acompanhamento pelo servi\u00e7o<br \/>\n&#8211; Para fazer a sinaliza\u00e7\u00e3o, ligue para a escola sede e pe\u00e7a para falar com o Servi\u00e7o de Psicologia (252670020 \/ 252660120)<\/p>\n<p><strong>Educador\/Professor titular\/Diretor de turma:<\/strong><br \/>\n&#8211; Entregar a autoriza\u00e7\u00e3o ao Diretor de Turma da turma do\/a seu\/sua educando\/a, depois de devidamente assinada:<br \/>\n&#8211; Para aceder \u00e0 autoriza\u00e7\u00e3o aceda <a class=\"text-primary\" href=\"https:\/\/drive.google.com\/file\/d\/1czsYtbaxltIv7wBMe9PCUav9hoAsTu64\/view?usp=sharing\"><strong>AQUI<\/strong><\/a><\/p>\n<p><strong>Aluno:<\/strong><br \/>\nFala com o teu Diretor de Turma e pede autoriza\u00e7\u00e3o ao teu Encarregado de Educa\u00e7\u00e3o.<\/p>\n\n\t\t<\/div>\n\t<\/div>\n<\/div><\/div><\/div><\/div><div class=\"vc_row wpb_row vc_row-fluid\"><div class=\"wpb_column vc_column_container vc_col-sm-12\"><div class=\"vc_column-inner\"><div class=\"wpb_wrapper\"><div class=\"vc_separator wpb_content_element vc_separator_align_center vc_sep_width_100 vc_sep_pos_align_center vc_sep_color_black vc_separator-has-text\" ><span class=\"vc_sep_holder vc_sep_holder_l\"><span class=\"vc_sep_line\"><\/span><\/span><h4>SPO - CONTACTOS<\/h4><span class=\"vc_sep_holder vc_sep_holder_r\"><span class=\"vc_sep_line\"><\/span><\/span>\n<\/div><\/div><\/div><\/div><\/div><div class=\"vc_row wpb_row vc_row-fluid\"><div class=\"wpb_column vc_column_container vc_col-sm-6\"><div class=\"vc_column-inner\"><div class=\"wpb_wrapper\">\n\t<div  class=\"wpb_single_image wpb_content_element vc_align_center\">\n\t\t\n\t\t<figure class=\"wpb_wrapper vc_figure\">\n\t\t\t<div class=\"vc_single_image-wrapper   vc_box_border_grey\"><img loading=\"lazy\" decoding=\"async\" width=\"150\" height=\"150\" src=\"https:\/\/aedpedroiv.net\/wp-content\/uploads\/2026\/02\/mbr-980x735-1-150x150.jpg\" class=\"vc_single_image-img attachment-thumbnail\" alt=\"\" title=\"SPO\" \/><\/div>\n\t\t<\/figure>\n\t<\/div>\n<\/div><\/div><\/div><div class=\"wpb_column vc_column_container vc_col-sm-6\"><div class=\"vc_column-inner\"><div class=\"wpb_wrapper\">\n\t<div class=\"wpb_text_column wpb_content_element\" >\n\t\t<div class=\"wpb_wrapper\">\n\t\t\t<p class=\"mbr-text mbr-fonts-style mb-4 display-4\">GERAL \u2013 <a href=\"mailto:SPO@AEDPEDROIV.NET\">spo@<\/a><a href=\"mailto:psiananeto@aedpedroiv.net\">aedpedroiv.net<\/a><\/p>\n<p>Dr.\u00aa Ana Neto<br \/>\n<a href=\"mailto:psiananeto@aedpedroiv.net\">psiananeto@aedpedroiv.net<\/a><\/p>\n<p>Dr.\u00aa Isabel Vasconcelos<br \/>\n<a href=\"mailto:psiisabelvasconcelos@aedpedroiv.net\">psiisabelvasconcelos@aedpedroiv.net<\/a><\/p>\n\n\t\t<\/div>\n\t<\/div>\n<\/div><\/div><\/div><\/div>\n<\/section>","protected":false},"excerpt":{"rendered":"SPO - SERVI\u00c7O DE PSICOLOGIA E ORIENTA\u00c7\u00c3O gestao@aedpedroiv.net CONSULTAR ATIVIDADES SPO O QUE \u00c9? Enquanto recurso da escola, o Servi\u00e7o de Psicologia e Orienta\u00e7\u00e3o do Agrupamento de Escolas D. Pedro IV tem como principais objetivos a promo\u00e7\u00e3o da sa\u00fade psicol\u00f3gica da comunidade educativa, o aumento&nbsp;<a href=\"https:\/\/aedpedroiv.net\/en\/spo\/\">&hellip;<\/a>","protected":false},"author":3,"featured_media":0,"parent":0,"menu_order":3,"comment_status":"closed","ping_status":"closed","template":"template-sidebar-right-childpages.php","meta":{"footnotes":""},"class_list":["post-5570","page","type-page","status-publish","hentry","odd"],"_links":{"self":[{"href":"https:\/\/aedpedroiv.net\/en\/wp-json\/wp\/v2\/pages\/5570","targetHints":{"allow":["GET"]}}],"collection":[{"href":"https:\/\/aedpedroiv.net\/en\/wp-json\/wp\/v2\/pages"}],"about":[{"href":"https:\/\/aedpedroiv.net\/en\/wp-json\/wp\/v2\/types\/page"}],"author":[{"embeddable":true,"href":"https:\/\/aedpedroiv.net\/en\/wp-json\/wp\/v2\/users\/3"}],"replies":[{"embeddable":true,"href":"https:\/\/aedpedroiv.net\/en\/wp-json\/wp\/v2\/comments?post=5570"}],"version-history":[{"count":5,"href":"https:\/\/aedpedroiv.net\/en\/wp-json\/wp\/v2\/pages\/5570\/revisions"}],"predecessor-version":[{"id":5819,"href":"https:\/\/aedpedroiv.net\/en\/wp-json\/wp\/v2\/pages\/5570\/revisions\/5819"}],"wp:attachment":[{"href":"https:\/\/aedpedroiv.net\/en\/wp-json\/wp\/v2\/media?parent=5570"}],"curies":[{"name":"wp","href":"https:\/\/api.w.org\/{rel}","templated":true}]}}