{"id":5535,"date":"2017-02-14T08:32:22","date_gmt":"2017-02-14T08:32:22","guid":{"rendered":"https:\/\/novo.aedpedroiv.net\/?page_id=5535"},"modified":"2026-02-05T16:25:30","modified_gmt":"2026-02-05T16:25:30","slug":"departamentos-curriculares","status":"publish","type":"page","link":"https:\/\/aedpedroiv.net\/en\/departamentos-curriculares\/","title":{"rendered":"DEPARTAMENTOS CURRICULARES"},"content":{"rendered":"<section class=\"wpb-content-wrapper\"><div class=\"vc_row wpb_row vc_row-fluid\"><div class=\"wpb_column vc_column_container vc_col-sm-12\"><div class=\"vc_column-inner vc_custom_1770308523542\"><div class=\"wpb_wrapper\"><h1 style=\"text-align: left\" class=\"vc_custom_heading vc_custom_1770308497085\" >DEPARTAMENTO CURRICULARES<\/h1>\n\t<div class=\"wpb_text_column wpb_content_element  vc_custom_1770288461486\" >\n\t\t<div class=\"wpb_wrapper\">\n\t\t\t<p dir=\"ltr\"><a href=\"mailto:gestao@aedpedroiv.net\" target=\"_blank\" rel=\"noopener\"><i class=\"fas fa-envelope\" ><\/i> gestao@aedpedroiv.net<\/a><\/p>\n\n\t\t<\/div>\n\t<\/div>\n<\/div><\/div><\/div><\/div><div class=\"vc_row wpb_row vc_row-fluid\"><div class=\"wpb_column vc_column_container vc_col-sm-12\"><div class=\"vc_column-inner\"><div class=\"wpb_wrapper\">\n\t<div class=\"wpb_text_column wpb_content_element\" >\n\t\t<div class=\"wpb_wrapper\">\n\t\t\t<p><strong>Departamento de Matem\u00e1tica e Ci\u00eancias Experimentais<\/strong><br \/>\n<strong>Coordenador<\/strong>\u00a0| Ant\u00f3nio Emanuel Fernandes Videira Gouveia<br \/>\n<strong>Matem\u00e1tica (2.\u00ba ciclo)<\/strong>\u00a0| Ant\u00f3nio Emanuel Fernandes Videira Gouveia<br \/>\n<strong>Matem\u00e1tica (3.\u00ba ciclo)<\/strong>\u00a0| F\u00e1tima Rodrigues<br \/>\n<strong>Ci\u00eancias Naturais (2.\u00ba ciclo)<\/strong>\u00a0| Paula Rocha<br \/>\n<strong>Ci\u00eancias Naturais (3.\u00ba ciclo)<\/strong>\u00a0| Alice Maria Leit\u00e3o Bompastor<br \/>\n<strong>F\u00edsico-Qu\u00edmica<\/strong>\u00a0| Carmo Figueiredo<br \/>\n<strong>TIC<\/strong>\u00a0| Branca Dias<\/p>\n<p><strong>Departamento de Ci\u00eancias Sociais e Humanas<\/strong><br \/>\n<strong>Coordenador<\/strong>\u00a0| Teresa Topa<br \/>\n<strong>\u00a0Portugu\u00eas (2.\u00ba ciclo)<\/strong>\u00a0| Ant\u00f3nia Pereira<br \/>\n<strong>Hist\u00f3ria (2.\u00ba ciclo)<\/strong>\u00a0| Mafalda Matos<br \/>\n<strong>\u00a0 Hist\u00f3ria (3.\u00ba ciclo)<\/strong>\u00a0| Beatriz Paula Alvares Casais<br \/>\n<strong>Geografia (3.\u00ba ciclo)<\/strong>\u00a0| Teresa Topa<br \/>\n<strong>E.M.R<\/strong>\u00a0|Alcina da Concei\u00e7\u00e3o Pereira Ramos<\/p>\n<p><strong>Departamento de L\u00ednguas<\/strong><br \/>\n<strong>Coordenador\u00a0<\/strong>| Elisabete Sousa<br \/>\n<strong>Ingl\u00eas (2.\u00ba ciclo)<\/strong>\u00a0| Elisabete Sousa<br \/>\n<strong>\u00a0Ingl\u00eas (3.\u00ba ciclo)\u00a0<\/strong>|Maria Jos\u00e9 Esteves Gon\u00e7alves Teixeira da Silva<br \/>\n<strong>Espanhol (3.\u00ba ciclo)<\/strong>\u00a0| Ana Isabel Barbosa de Oliveira<br \/>\n<strong>Franc\u00eas (3.\u00ba ciclo)<\/strong>\u00a0|Eva Manuela Agrela Pereira de Silva Almeida<br \/>\n<strong>Portugu\u00eas (3.\u00ba ciclo)\u00a0<\/strong>| Maria Paula Barbosa Rodrigues Oliveira<br \/>\n<strong>\u00a0PLNM<\/strong>\u00a0<strong>(3.\u00aa Ciclo)<\/strong>\u00a0| Jos\u00e9 Eduardo Sousa<\/p>\n<p><strong>Departamento de Express\u00f5es<\/strong><br \/>\n<strong>Coordenador<\/strong>\u00a0|\u00a0Eva Maria Ara\u00fajo Maia e Silva<br \/>\n<strong>Educa\u00e7\u00e3o Visual | Tecnol\u00f3gica (2.\u00ba ciclo)\u00a0<\/strong>| Odete Raio<br \/>\n<strong>\u00a0 Educa\u00e7\u00e3o Visual (3.\u00ba ciclo)\u00a0<\/strong>| Eva Maria Ara\u00fajo Maia e Silva<br \/>\n<strong>Educa\u00e7\u00e3o Tecnol\u00f3gica (3.\u00ba ciclo)\u00a0<\/strong>| L\u00eddia Leite<br \/>\n<strong>Educa\u00e7\u00e3o Musical (2.\u00ba ciclo)<\/strong>\u00a0|Ant\u00f3nio Calheiros<br \/>\n<strong>Educa\u00e7\u00e3o F\u00edsica (2.\u00ba ciclo)<\/strong>\u00a0|Cristina Ramos<br \/>\n<strong>Educa\u00e7\u00e3o F\u00edsica (3.\u00ba ciclo)<\/strong>\u00a0| Maria Alice de Sousa Miranda<\/p>\n<p><strong>Departamento do Pr\u00e9-Escolar<\/strong><br \/>\n<strong>Coordenadora<\/strong>\u00a0| Irene Neves<br \/>\n<strong>Subcoordenadora<\/strong>\u00a0| Maria Isabel Ramos Santos Ad\u00e3o<\/p>\n<p><strong>Departamento do 1.\u00ba Ciclo<\/strong><br \/>\n<strong>Coordenador<\/strong>\u00a0| Jos\u00e9 Maia Moreira<br \/>\n<strong>Subcoordenador<\/strong>\u00a0| Susana Lacerda<br \/>\n<strong>Subcoordenadora do 1.\u00ba ano<\/strong>\u00a0|\u00a0 Cristina Pinto<br \/>\n<strong>Subcoordenadora do 2.\u00ba ano\u00a0<\/strong>|\u00a0C\u00e9lia Ara\u00fajo<br \/>\n<strong>Subcoordenadora do 3.\u00ba ano<\/strong>\u00a0| Maria Jos\u00e9 Lomba<br \/>\n<strong>Subcoordenadora do 4.\u00ba ano<\/strong>\u00a0|\u00a0Marta Vinha<br \/>\n<strong>Presidente do Conselho de Docentes<\/strong>\u00a0| Susana Neves<\/p>\n\n\t\t<\/div>\n\t<\/div>\n<\/div><\/div><\/div><\/div>\n<\/section>","protected":false},"excerpt":{"rendered":"DEPARTAMENTO CURRICULARES gestao@aedpedroiv.net Departamento de Matem\u00e1tica e Ci\u00eancias Experimentais Coordenador\u00a0| Ant\u00f3nio Emanuel Fernandes Videira Gouveia Matem\u00e1tica (2.\u00ba ciclo)\u00a0| Ant\u00f3nio Emanuel Fernandes Videira Gouveia Matem\u00e1tica (3.\u00ba ciclo)\u00a0| F\u00e1tima Rodrigues Ci\u00eancias Naturais (2.\u00ba ciclo)\u00a0| Paula Rocha Ci\u00eancias Naturais (3.\u00ba ciclo)\u00a0| Alice Maria Leit\u00e3o Bompastor F\u00edsico-Qu\u00edmica\u00a0| Carmo Figueiredo&nbsp;<a href=\"https:\/\/aedpedroiv.net\/en\/departamentos-curriculares\/\">&hellip;<\/a>","protected":false},"author":3,"featured_media":0,"parent":0,"menu_order":3,"comment_status":"closed","ping_status":"closed","template":"template-sidebar-right-childpages.php","meta":{"footnotes":""},"class_list":["post-5535","page","type-page","status-publish","hentry","odd"],"_links":{"self":[{"href":"https:\/\/aedpedroiv.net\/en\/wp-json\/wp\/v2\/pages\/5535","targetHints":{"allow":["GET"]}}],"collection":[{"href":"https:\/\/aedpedroiv.net\/en\/wp-json\/wp\/v2\/pages"}],"about":[{"href":"https:\/\/aedpedroiv.net\/en\/wp-json\/wp\/v2\/types\/page"}],"author":[{"embeddable":true,"href":"https:\/\/aedpedroiv.net\/en\/wp-json\/wp\/v2\/users\/3"}],"replies":[{"embeddable":true,"href":"https:\/\/aedpedroiv.net\/en\/wp-json\/wp\/v2\/comments?post=5535"}],"version-history":[{"count":3,"href":"https:\/\/aedpedroiv.net\/en\/wp-json\/wp\/v2\/pages\/5535\/revisions"}],"predecessor-version":[{"id":5538,"href":"https:\/\/aedpedroiv.net\/en\/wp-json\/wp\/v2\/pages\/5535\/revisions\/5538"}],"wp:attachment":[{"href":"https:\/\/aedpedroiv.net\/en\/wp-json\/wp\/v2\/media?parent=5535"}],"curies":[{"name":"wp","href":"https:\/\/api.w.org\/{rel}","templated":true}]}}