{"id":5516,"date":"2017-02-14T08:32:22","date_gmt":"2017-02-14T08:32:22","guid":{"rendered":"https:\/\/novo.aedpedroiv.net\/?page_id=5516"},"modified":"2026-02-05T10:56:59","modified_gmt":"2026-02-05T10:56:59","slug":"conselho-pedagogico","status":"publish","type":"page","link":"https:\/\/aedpedroiv.net\/en\/conselho-pedagogico\/","title":{"rendered":"CONSELHO PEDAG\u00d3GICO"},"content":{"rendered":"<section class=\"wpb-content-wrapper\"><div class=\"vc_row wpb_row vc_row-fluid\"><div class=\"wpb_column vc_column_container vc_col-sm-8\"><div class=\"vc_column-inner vc_custom_1489757465967\"><div class=\"wpb_wrapper\"><h1 style=\"text-align: left\" class=\"vc_custom_heading vc_custom_1770289013982\" >CONSELHO PEDAG\u00d3GICO<\/h1>\n\t<div class=\"wpb_text_column wpb_content_element  vc_custom_1770288461486\" >\n\t\t<div class=\"wpb_wrapper\">\n\t\t\t<p dir=\"ltr\"><a href=\"mailto:gestao@aedpedroiv.net\" target=\"_blank\" rel=\"noopener\"><i class=\"fas fa-envelope\" ><\/i> gestao@aedpedroiv.net<\/a><\/p>\n\n\t\t<\/div>\n\t<\/div>\n<\/div><\/div><\/div><div class=\"wpb_column vc_column_container vc_col-sm-4\"><div class=\"vc_column-inner\"><div class=\"wpb_wrapper\"><a href=\"https:\/\/drive.google.com\/file\/d\/1fVx749X-Yf9gBgd2ZDdMv0I8IUF4G68f\/view?usp=sharing\" class=\"wh-alt-button  scp_theme_button-73ba3ed2105ef4501ccd351003c9bf7f\" target=\"_blank\">CONSULTAR REGIMENTO<\/a><\/div><\/div><\/div><\/div><div class=\"vc_row wpb_row vc_row-fluid\"><div class=\"wpb_column vc_column_container vc_col-sm-12\"><div class=\"vc_column-inner\"><div class=\"wpb_wrapper\">\n\t<div class=\"wpb_text_column wpb_content_element\" >\n\t\t<div class=\"wpb_wrapper\">\n\t\t\t<h3><strong>Presidente<\/strong><br \/>\nGabriela S. Vaz dos Reis<\/p>\n<p><strong>Coordenadora do Departamento do Pr\u00e9- Escolar<\/strong><br \/>\nIrene Neves<\/p>\n<p><strong>Coordenador do Departamento do 1.\u00ba Ciclo<\/strong><br \/>\nJos\u00e9 Maia Moreira<\/p>\n<p><strong>Coordenadora do Departamento de L\u00ednguas<\/strong><br \/>\nElisabete Sousa<\/p>\n<p><strong>Coordenador do Departamento de Matem\u00e1tica e Ci\u00eancias Experimentais<\/strong><br \/>\nAnt\u00f3nio Emanuel Gouveia<\/p>\n<p><strong>Coordenadora do Departamento de Ci\u00eancias Sociais e Humanas<\/strong><br \/>\nTeresa Topa<\/p>\n<p><strong>Coordenador do Departamento de Express\u00f5es<\/strong><br \/>\nEva Maria Ara\u00fajo Maia e Silva<\/p>\n<p><strong>Coordenadora dos Diretores de Turma do 2.\u00ba Ciclo<\/strong><br \/>\nLu\u00edsa Maria Pinto Varizo<\/p>\n<p><strong>Coordenador dos Diretores de Turma do 3.\u00ba Ciclo<\/strong><br \/>\nAnt\u00f3nio Carlos Lopes Nunes<\/p>\n<p><strong>Presidente do Conselho de Docentes do 1.\u00ba Ciclo<\/strong><br \/>\nSusana Neves<br \/>\n<strong>Coordenadora da Biblioteca Escolar<\/strong><br \/>\nAna Leite<\/p>\n<p><strong>Coordenadora do Plano Anual de Atividades<\/strong><br \/>\nMargarida Maria Sim\u00f5es Ferraz<\/p>\n<p><strong>Coordenadora de Cidadania e Desenvolvimento<\/strong><br \/>\nHelena Silva<\/p>\n<p><strong>Coordenadora da Educa\u00e7\u00e3o Especial<\/strong><br \/>\nRosa Mar\u00edlia Cunha Ferreira<\/p>\n<p><strong>Coordenadora de Clubes e Projetos<\/strong><br \/>\nElsa Maria Pereira Martins Santos<\/p>\n<p><strong>Convidados:<\/strong><\/p>\n<p><strong>Coordenadora do Projeto Educa\u00e7\u00e3o para a Sa\u00fade<\/strong><br \/>\nLu\u00edsa Rebelo<\/p>\n<p><strong>Coordenadora do Plano de Forma\u00e7\u00e3o<\/strong><br \/>\nS\u00edlvia Duarte<\/h3>\n\n\t\t<\/div>\n\t<\/div>\n<\/div><\/div><\/div><\/div>\n<\/section>","protected":false},"excerpt":{"rendered":"CONSELHO PEDAG\u00d3GICO gestao@aedpedroiv.net CONSULTAR REGIMENTO Presidente Gabriela S. Vaz dos Reis Coordenadora do Departamento do Pr\u00e9- Escolar Irene Neves Coordenador do Departamento do 1.\u00ba Ciclo Jos\u00e9 Maia Moreira Coordenadora do Departamento de L\u00ednguas Elisabete Sousa Coordenador do Departamento de Matem\u00e1tica e Ci\u00eancias Experimentais Ant\u00f3nio Emanuel&nbsp;<a href=\"https:\/\/aedpedroiv.net\/en\/conselho-pedagogico\/\">&hellip;<\/a>","protected":false},"author":1,"featured_media":0,"parent":0,"menu_order":3,"comment_status":"closed","ping_status":"closed","template":"template-sidebar-right-childpages.php","meta":{"footnotes":""},"class_list":["post-5516","page","type-page","status-publish","hentry","odd"],"_links":{"self":[{"href":"https:\/\/aedpedroiv.net\/en\/wp-json\/wp\/v2\/pages\/5516","targetHints":{"allow":["GET"]}}],"collection":[{"href":"https:\/\/aedpedroiv.net\/en\/wp-json\/wp\/v2\/pages"}],"about":[{"href":"https:\/\/aedpedroiv.net\/en\/wp-json\/wp\/v2\/types\/page"}],"author":[{"embeddable":true,"href":"https:\/\/aedpedroiv.net\/en\/wp-json\/wp\/v2\/users\/1"}],"replies":[{"embeddable":true,"href":"https:\/\/aedpedroiv.net\/en\/wp-json\/wp\/v2\/comments?post=5516"}],"version-history":[{"count":4,"href":"https:\/\/aedpedroiv.net\/en\/wp-json\/wp\/v2\/pages\/5516\/revisions"}],"predecessor-version":[{"id":5521,"href":"https:\/\/aedpedroiv.net\/en\/wp-json\/wp\/v2\/pages\/5516\/revisions\/5521"}],"wp:attachment":[{"href":"https:\/\/aedpedroiv.net\/en\/wp-json\/wp\/v2\/media?parent=5516"}],"curies":[{"name":"wp","href":"https:\/\/api.w.org\/{rel}","templated":true}]}}