{"id":5512,"date":"2017-02-14T08:32:22","date_gmt":"2017-02-14T08:32:22","guid":{"rendered":"https:\/\/novo.aedpedroiv.net\/?page_id=5512"},"modified":"2026-02-05T10:55:10","modified_gmt":"2026-02-05T10:55:10","slug":"conselho-geral","status":"publish","type":"page","link":"https:\/\/aedpedroiv.net\/en\/conselho-geral\/","title":{"rendered":"CONSELHO GERAL"},"content":{"rendered":"<section class=\"wpb-content-wrapper\"><div class=\"vc_row wpb_row vc_row-fluid\"><div class=\"wpb_column vc_column_container vc_col-sm-8\"><div class=\"vc_column-inner vc_custom_1489757465967\"><div class=\"wpb_wrapper\"><h1 style=\"text-align: left\" class=\"vc_custom_heading vc_custom_1770288626246\" >CONSELHO GERAL<\/h1>\n\t<div class=\"wpb_text_column wpb_content_element  vc_custom_1770288461486\" >\n\t\t<div class=\"wpb_wrapper\">\n\t\t\t<p dir=\"ltr\"><a href=\"mailto:gestao@aedpedroiv.net\" target=\"_blank\" rel=\"noopener\"><i class=\"fas fa-envelope\" ><\/i> gestao@aedpedroiv.net<\/a><\/p>\n\n\t\t<\/div>\n\t<\/div>\n<\/div><\/div><\/div><div class=\"wpb_column vc_column_container vc_col-sm-4\"><div class=\"vc_column-inner\"><div class=\"wpb_wrapper\"><a href=\"https:\/\/sites.google.com\/aedpedroiv.net\/conselhogeral\/\" class=\"wh-alt-button  scp_theme_button-0d11b1e29e08bc8ef54d70e07e439f00\" target=\"_blank\">CONSULTE INFORMA\u00c7\u00d5ES<\/a><\/div><\/div><\/div><\/div><div class=\"vc_row wpb_row vc_row-fluid\"><div class=\"wpb_column vc_column_container vc_col-sm-12\"><div class=\"vc_column-inner\"><div class=\"wpb_wrapper\">\n\t<div class=\"wpb_text_column wpb_content_element\" >\n\t\t<div class=\"wpb_wrapper\">\n\t\t\t<h3><strong>Presidente<\/strong><br \/>\nMaria Cl\u00e1udia de Castro Carvalho Oliveira<\/p>\n<p><strong>Pessoal Docente<\/strong><br \/>\nAna Paula Sousa Rodrigues<br \/>\nArlete Costa Gomes<br \/>\nEunice Alexandra Silva Ferreira<br \/>\nIlda Maria dos Santos Ferreira<br \/>\nJos\u00e9 Manuel de Sousa Moura<br \/>\nBr\u00edgida Maria Ferreira Gouveia<br \/>\nMaria Arminda Andrade Campos<br \/>\nMaria Cl\u00e1udia de Castro Carvalho Oliveira<br \/>\n<strong><br \/>\n<\/strong><strong>Pessoal N\u00e3o Docente<\/strong><br \/>\nIsabel Campos Soares de Vasconcelos<br \/>\nIsabel Maria Maia da Silva<\/p>\n<p><strong>Autarquia<\/strong><br \/>\nCarla Elisabete Peixoto e Melo de Carvalho (Munic\u00edpio)<br \/>\nMaria Jacinta Azevedo Costa (Munic\u00edpio)<br \/>\nMaria Manuela Castro Gon\u00e7alves Lima (Munic\u00edpio)<\/p>\n<p><strong>Entidades Locais<\/strong><br \/>\nV\u00edtor Gon\u00e7alves (AAMDA)<br \/>\nAndr\u00e9 Afonso Nobre Magalh\u00e3es Ferreira (CPCJ-VC)<br \/>\nNat\u00e9rcia Maria Ramos Reis (ACeS-PV\/VC)<br \/>\n<strong><br \/>\n<\/strong><strong>Representantes dos Pais\/ Encarregados de Educa\u00e7\u00e3o<\/strong><br \/>\nCl\u00e1udia Manuela Varandas da Costa<br \/>\nJoana Isabel de S\u00e1 Paula Mendon\u00e7a<br \/>\nLiliana Manuela da Silva Caldas<br \/>\nGabriela Clarisse Maia Ara\u00fajo da Silva Ribeiro<br \/>\nNuno Miguel da Cunha Salgado<\/p>\n<p><strong>Diretora<\/strong><br \/>\nGabriela S. Vaz dos Reis<\/h3>\n\n\t\t<\/div>\n\t<\/div>\n<\/div><\/div><\/div><\/div>\n<\/section>","protected":false},"excerpt":{"rendered":"CONSELHO GERAL gestao@aedpedroiv.net CONSULTE INFORMA\u00c7\u00d5ES Presidente Maria Cl\u00e1udia de Castro Carvalho Oliveira Pessoal Docente Ana Paula Sousa Rodrigues Arlete Costa Gomes Eunice Alexandra Silva Ferreira Ilda Maria dos Santos Ferreira Jos\u00e9 Manuel de Sousa Moura Br\u00edgida Maria Ferreira Gouveia Maria Arminda Andrade Campos Maria Cl\u00e1udia&nbsp;<a href=\"https:\/\/aedpedroiv.net\/en\/conselho-geral\/\">&hellip;<\/a>","protected":false},"author":1,"featured_media":0,"parent":0,"menu_order":3,"comment_status":"closed","ping_status":"closed","template":"template-sidebar-right-childpages.php","meta":{"footnotes":""},"class_list":["post-5512","page","type-page","status-publish","hentry","odd"],"_links":{"self":[{"href":"https:\/\/aedpedroiv.net\/en\/wp-json\/wp\/v2\/pages\/5512","targetHints":{"allow":["GET"]}}],"collection":[{"href":"https:\/\/aedpedroiv.net\/en\/wp-json\/wp\/v2\/pages"}],"about":[{"href":"https:\/\/aedpedroiv.net\/en\/wp-json\/wp\/v2\/types\/page"}],"author":[{"embeddable":true,"href":"https:\/\/aedpedroiv.net\/en\/wp-json\/wp\/v2\/users\/1"}],"replies":[{"embeddable":true,"href":"https:\/\/aedpedroiv.net\/en\/wp-json\/wp\/v2\/comments?post=5512"}],"version-history":[{"count":4,"href":"https:\/\/aedpedroiv.net\/en\/wp-json\/wp\/v2\/pages\/5512\/revisions"}],"predecessor-version":[{"id":5519,"href":"https:\/\/aedpedroiv.net\/en\/wp-json\/wp\/v2\/pages\/5512\/revisions\/5519"}],"wp:attachment":[{"href":"https:\/\/aedpedroiv.net\/en\/wp-json\/wp\/v2\/media?parent=5512"}],"curies":[{"name":"wp","href":"https:\/\/api.w.org\/{rel}","templated":true}]}}