{"id":5353,"date":"2017-03-01T12:14:46","date_gmt":"2017-03-01T12:14:46","guid":{"rendered":"https:\/\/novo.aedpedroiv.net\/?page_id=5353"},"modified":"2026-03-13T11:29:04","modified_gmt":"2026-03-13T11:29:04","slug":"secretaria","status":"publish","type":"page","link":"https:\/\/aedpedroiv.net\/en\/secretaria\/","title":{"rendered":"SECRETARIA VIRTUAL"},"content":{"rendered":"<section class=\"wpb-content-wrapper\"><div class=\"vc_row wpb_row vc_row-fluid vc_custom_1770119262888\"><div class=\"wpb_column vc_column_container vc_col-sm-8\"><div class=\"vc_column-inner vc_custom_1491469743240\"><div class=\"wpb_wrapper\"><h1 style=\"text-align: left\" class=\"vc_custom_heading vc_custom_1770118521752\" >SECRETARIA VIRTUAL<\/h1><h4 style=\"text-align: left\" class=\"vc_custom_heading\" >Permite a pesquisa de informa\u00e7\u00e3o relativa \u00e0 institui\u00e7\u00e3o e possibilita a consulta de documentos, bem como o acesso a diversos servi\u00e7os e funcionalidades.<\/h4><\/div><\/div><\/div><div class=\"wpb_column vc_column_container vc_col-sm-4\"><div class=\"vc_column-inner\"><div class=\"wpb_wrapper\"><h6 style=\"font-size: 16px;color: #020202;line-height: 23px;text-align: left\" class=\"vc_custom_heading vc_custom_1770118570960\" >Chefe dos Servi\u00e7os Administrativos<\/h6>\n\t<div class=\"wpb_text_column wpb_content_element  vc_custom_1770118553264\" >\n\t\t<div class=\"wpb_wrapper\">\n\t\t\t<p>secretaria@aedpedroiv.net<\/p>\n\n\t\t<\/div>\n\t<\/div>\n<h6 style=\"color: #020202;text-align: left\" class=\"vc_custom_heading vc_custom_1770118976113\" >Assistentes Administrativos<\/h6>\n\t<div class=\"wpb_text_column wpb_content_element  vc_custom_1770118993265\" >\n\t\t<div class=\"wpb_wrapper\">\n\t\t\t<p>info@aedpedroiv.net<\/p>\n\n\t\t<\/div>\n\t<\/div>\n<\/div><\/div><\/div><\/div><div class=\"vc_row wpb_row vc_row-fluid vc_custom_1491467924293 vc_row-has-fill\"><div class=\"wpb_column vc_column_container vc_col-sm-12\"><div class=\"vc_column-inner\"><div class=\"wpb_wrapper\">\t\t<div class=\"our-process\" data-breakpoint=\"768\">\n\t\t\t\t\t\t<div class=\"dots\">\n\t\t\t\t\t\t<div class=\"dot-container  scp_our_process_item-82199a757801bd92182818ae689da549\">\n\t\t\t<div class=\"line\"><\/div>\n\t\t\t<div class=\"triangle\"><\/div>\n\t\t\t<div class=\"dot-wrap center\">\n\t\t\t\t<div class=\"dot\">\n\t\t\t\t\t<i class=\"\"><\/i>\n\t\t\t\t<\/div>\n\t\t\t<\/div>\n\t\t\t<div class=\"text\">\n\t\t\t\t<h6 class=\"title\">MATR\u00cdCULA ELETR\u00d3NICA<\/h6>\t\t\t\t<span style=\"color: #ffffff\"><a style=\"color: #ffffff\" href=\"https:\/\/portaldasmatriculas.edu.gov.pt\/\" target=\"_blank\" rel=\"noopener\">Aceder ao portal oficial das matr\u00edculas do Minist\u00e9rio da Educa\u00e7\u00e3os<\/a><\/span>\t\t\t<\/div>\n\t\t<\/div>\n\t\t\t\t<div class=\"dot-container  scp_our_process_item-0c304f1f7968e9bcbe9a4d8e4cecee54\">\n\t\t\t<div class=\"line\"><\/div>\n\t\t\t<div class=\"triangle\"><\/div>\n\t\t\t<div class=\"dot-wrap center\">\n\t\t\t\t<div class=\"dot\">\n\t\t\t\t\t<i class=\"\"><\/i>\n\t\t\t\t<\/div>\n\t\t\t<\/div>\n\t\t\t<div class=\"text\">\n\t\t\t\t<h6 class=\"title\">MATR\u00cdCULAS - Despacho n.\u00ba 3640-A\/2025<\/h6>\t\t\t\t<span style=\"color: #ffffff\"><a style=\"color: #ffffff\" href=\"https:\/\/sites.google.com\/aedpedroiv.net\/despacho\/p%C3%A1gina-inicial\" target=\"_blank\" rel=\"noopener\">Calend\u00e1rio das matr\u00edculas e respetivas renova\u00e7\u00f5es<\/a><\/span>\t\t\t<\/div>\n\t\t<\/div>\n\t\t\t\t<div class=\"dot-container  scp_our_process_item-1d81bd089f79813f06e992397cdab0bb\">\n\t\t\t<div class=\"line\"><\/div>\n\t\t\t<div class=\"triangle\"><\/div>\n\t\t\t<div class=\"dot-wrap center\">\n\t\t\t\t<div class=\"dot\">\n\t\t\t\t\t<i class=\"\"><\/i>\n\t\t\t\t<\/div>\n\t\t\t<\/div>\n\t\t\t<div class=\"text\">\n\t\t\t\t<h6 class=\"title\">MATR\u00cdCULA - Atualiza\u00e7\u00e3o de dados<\/h6>\t\t\t\t<a href=\"https:\/\/sites.google.com\/aedpedroiv.net\/webs\/p%C3%A1gina-inicial\" target=\"_blank\" rel=\"noopener\"><span style=\"color: #ffffff\">Clique aqui para atualizar os seus dados pessoais e escolares.<\/span><\/a>\t\t\t<\/div>\n\t\t<\/div>\n\t\t\t\t<div class=\"dot-container  scp_our_process_item-4821945da53c9ea1c51788348ee616c9\">\n\t\t\t<div class=\"line\"><\/div>\n\t\t\t<div class=\"triangle\"><\/div>\n\t\t\t<div class=\"dot-wrap center\">\n\t\t\t\t<div class=\"dot\">\n\t\t\t\t\t<i class=\"\"><\/i>\n\t\t\t\t<\/div>\n\t\t\t<\/div>\n\t\t\t<div class=\"text\">\n\t\t\t\t<h6 class=\"title\">TAXAS e EMOLUMENTOS<\/h6>\t\t\t\t<a href=\"https:\/\/sites.google.com\/aedpedroiv.net\/suport?usp=sharing\" target=\"_blank\" rel=\"noopener\"><span style=\"color: #ffffff\">Aceder aos procedimentos de pagamentos.<\/span><\/a>\t\t\t<\/div>\n\t\t<\/div>\n\t\t\t\t\t<\/div>\n\t\t<\/div>\n\t\t<\/div><\/div><\/div><\/div><div class=\"vc_row wpb_row vc_row-fluid vc_custom_1488462465103 vc_row-has-fill\"><div class=\"wpb_column vc_column_container vc_col-sm-3 vc_col-xs-6\"><div class=\"vc_column-inner vc_custom_1770121088857\"><div class=\"wpb_wrapper\">\n\t\t\t\t\t<div class=\"wh-theme-icon vc_custom_1770120896768  scp_theme_icon-8ac3132b9f167c5c2bd6a0ed9a746ab2\">\n\t\t\t\t<i class=\"icon-edright-chevron\"><\/i>\n\t\t\t<\/div>\n\t\t\t\t<h6 style=\"font-size: 14px;color: #000000;text-align: left\" class=\"vc_custom_heading vc_custom_1770119904865\" ><a href=\"https:\/\/sites.google.com\/aedpedroiv.net\/website\/p%C3%A1gina-inicial\" target=\"_blank\">SEGURO ESCOLAR<\/a><\/h6>\n\t\t\t\t\t<div class=\"wh-theme-icon vc_custom_1770120956752  scp_theme_icon-d26aaf5cc5a21f3f905ed82db822c45c\">\n\t\t\t\t<i class=\"icon-edright-chevron\"><\/i>\n\t\t\t<\/div>\n\t\t\t\t<h6 style=\"font-size: 14px;color: #000000;text-align: left\" class=\"vc_custom_heading vc_custom_1773401339887\" ><a href=\"https:\/\/drive.google.com\/file\/d\/1ItrzmpXPT7zJw8yy35mHwZUQ9choCUPA\/view?usp=sharing\" target=\"_blank\">AJUDAS DE CUSTO DE TRANSPORTE<\/a><\/h6><\/div><\/div><\/div><div class=\"wpb_column vc_column_container vc_col-sm-3 vc_col-xs-6\"><div class=\"vc_column-inner vc_custom_1770121097897\"><div class=\"wpb_wrapper\">\n\t\t\t\t\t<div class=\"wh-theme-icon vc_custom_1770120889521  scp_theme_icon-c8bccd94304c120dc9df43c10422eda2\">\n\t\t\t\t<i class=\"icon-edright-chevron\"><\/i>\n\t\t\t<\/div>\n\t\t\t\t<h6 style=\"font-size: 14px;color: #000000;text-align: left\" class=\"vc_custom_heading vc_custom_1770120331804\" ><a href=\"https:\/\/sites.google.com\/aedpedroiv.net\/subsidioestudo?usp=share_link\" target=\"_blank\">SUBS\u00cdDIO DE ESTUDO<\/a><\/h6>\n\t\t\t\t\t<div class=\"wh-theme-icon vc_custom_1770120949312  scp_theme_icon-5ba0fead7148cb07dc037ee8abf38ed3\">\n\t\t\t\t<i class=\"icon-edright-chevron\"><\/i>\n\t\t\t<\/div>\n\t\t\t\t<h6 style=\"font-size: 14px;color: #000000;text-align: left\" class=\"vc_custom_heading vc_custom_1770120861785\" ><a href=\"https:\/\/sites.google.com\/aedpedroiv.net\/subsidio\/p%C3%A1gina-inicial\" target=\"_blank\">CANDIDATURA SUBS\u00cdDIO DE ESTUDO<\/a><\/h6><\/div><\/div><\/div><div class=\"wpb_column vc_column_container vc_col-sm-3\"><div class=\"vc_column-inner vc_custom_1770121107193\"><div class=\"wpb_wrapper\">\n\t\t\t\t\t<div class=\"wh-theme-icon vc_custom_1770120904896  scp_theme_icon-9dcdc7ff98cad17cc15ba50b6835a66b\">\n\t\t\t\t<i class=\"icon-edright-chevron\"><\/i>\n\t\t\t<\/div>\n\t\t\t\t<h6 style=\"font-size: 14px;color: #000000;text-align: left\" class=\"vc_custom_heading vc_custom_1770121010993\" ><a href=\"https:\/\/sites.google.com\/aedpedroiv.net\/aedpedro\/p%C3%A1gina-inicial\" target=\"_blank\">RGPC - Preven\u00e7\u00e3o Corrup\u00e7\u00e3o<\/a><\/h6>\n\t\t\t\t\t<div class=\"wh-theme-icon vc_custom_1770120940648  scp_theme_icon-7d73321b98a6fe3d8375e82da7915538\">\n\t\t\t\t<i class=\"icon-edright-chevron\"><\/i>\n\t\t\t<\/div>\n\t\t\t\t<h6 style=\"font-size: 14px;color: #000000;text-align: left\" class=\"vc_custom_heading vc_custom_1770120378884\" ><a href=\"https:\/\/www.livroamarelo.gov.pt\/res?e=6715&#038;l=28437&#038;c=4714\" target=\"_blank\">LAE - LIVRO AMARELO ELETR\u00d3NICO<\/a><\/h6><\/div><\/div><\/div><div class=\"wpb_column vc_column_container vc_col-sm-3\"><div class=\"vc_column-inner vc_custom_1770121199009\"><div class=\"wpb_wrapper\">\n\t\t\t\t\t<div class=\"wh-theme-icon vc_custom_1770120912248  scp_theme_icon-b35a96dd86f4fe0f1d4c76d34e72eb89\">\n\t\t\t\t<i class=\"icon-edright-chevron\"><\/i>\n\t\t\t<\/div>\n\t\t\t\t<h6 style=\"font-size: 14px;color: #000000;text-align: left\" class=\"vc_custom_heading vc_custom_1770120304915\" ><a href=\"https:\/\/sites.google.com\/aedpedroiv.net\/websit?usp=sharingwebsit\/p%C3%A1gina-inicialCHbQwlBOfAQjeKY2BU0XUS9J7\/view\" target=\"_blank\">CACIFOS<\/a><\/h6>\n\t\t\t\t\t<div class=\"wh-theme-icon vc_custom_1770120932552  scp_theme_icon-4553926b14a6ece25bce17b311e54cd9\">\n\t\t\t\t<i class=\"icon-edright-chevron\"><\/i>\n\t\t\t<\/div>\n\t\t\t\t<h6 style=\"font-size: 14px;color: #000000;text-align: left\" class=\"vc_custom_heading vc_custom_1770120764352\" ><a href=\"https:\/\/sites.google.com\/aedpedroiv.net\/bolsa\/p%C3%A1gina-inicial\" target=\"_blank\">CANDIDATURA BOLSA M\u00c9RITO<\/a><\/h6><\/div><\/div><\/div><\/div><div class=\"vc_row wpb_row vc_row-fluid vc_custom_1489756877733 vc_column-gap-10\"><div class=\"wpb_column vc_column_container vc_col-sm-4\"><div class=\"vc_column-inner\"><div class=\"wpb_wrapper\"><\/div><\/div><\/div><div class=\"wpb_column vc_column_container vc_col-sm-4\"><div class=\"vc_column-inner\"><div class=\"wpb_wrapper\"><\/div><\/div><\/div><div class=\"wpb_column vc_column_container vc_col-sm-4\"><div class=\"vc_column-inner vc_custom_1489756956541\"><div class=\"wpb_wrapper\"><\/div><\/div><\/div><\/div>\n<\/section>","protected":false},"excerpt":{"rendered":"SECRETARIA VIRTUALPermite a pesquisa de informa\u00e7\u00e3o relativa \u00e0 institui\u00e7\u00e3o e possibilita a consulta de documentos, bem como o acesso a diversos servi\u00e7os e funcionalidades.Chefe dos Servi\u00e7os Administrativos secretaria@aedpedroiv.net Assistentes Administrativos info@aedpedroiv.net MATR\u00cdCULA ELETR\u00d3NICA Aceder ao portal oficial das matr\u00edculas do Minist\u00e9rio da Educa\u00e7\u00e3os MATR\u00cdCULAS -&nbsp;<a href=\"https:\/\/aedpedroiv.net\/en\/secretaria\/\">&hellip;<\/a>","protected":false},"author":3,"featured_media":0,"parent":0,"menu_order":0,"comment_status":"closed","ping_status":"closed","template":"template-fullwidth.php","meta":{"footnotes":""},"class_list":["post-5353","page","type-page","status-publish","hentry","odd"],"_links":{"self":[{"href":"https:\/\/aedpedroiv.net\/en\/wp-json\/wp\/v2\/pages\/5353","targetHints":{"allow":["GET"]}}],"collection":[{"href":"https:\/\/aedpedroiv.net\/en\/wp-json\/wp\/v2\/pages"}],"about":[{"href":"https:\/\/aedpedroiv.net\/en\/wp-json\/wp\/v2\/types\/page"}],"author":[{"embeddable":true,"href":"https:\/\/aedpedroiv.net\/en\/wp-json\/wp\/v2\/users\/3"}],"replies":[{"embeddable":true,"href":"https:\/\/aedpedroiv.net\/en\/wp-json\/wp\/v2\/comments?post=5353"}],"version-history":[{"count":31,"href":"https:\/\/aedpedroiv.net\/en\/wp-json\/wp\/v2\/pages\/5353\/revisions"}],"predecessor-version":[{"id":5794,"href":"https:\/\/aedpedroiv.net\/en\/wp-json\/wp\/v2\/pages\/5353\/revisions\/5794"}],"wp:attachment":[{"href":"https:\/\/aedpedroiv.net\/en\/wp-json\/wp\/v2\/media?parent=5353"}],"curies":[{"name":"wp","href":"https:\/\/api.w.org\/{rel}","templated":true}]}}