{"id":5091,"date":"2017-02-14T08:13:28","date_gmt":"2017-02-14T08:13:28","guid":{"rendered":"http:\/\/ed.aislinthemes.com\/?page_id=651"},"modified":"2026-01-22T16:01:24","modified_gmt":"2026-01-22T16:01:24","slug":"servicos","status":"publish","type":"page","link":"https:\/\/aedpedroiv.net\/en\/servicos\/","title":{"rendered":"SERVI\u00c7OS"},"content":{"rendered":"<section class=\"wpb-content-wrapper\"><div class=\"vc_row wpb_row vc_row-fluid\"><div class=\"wpb_column vc_column_container vc_col-sm-12\"><div class=\"vc_column-inner vc_custom_1490017810346\"><div class=\"wpb_wrapper\"><h1 style=\"text-align: left\" class=\"vc_custom_heading vc_custom_1769096152915\" >Servi\u00e7os<\/h1><\/div><\/div><\/div><\/div><div class=\"vc_row wpb_row vc_row-fluid vc_custom_1487939485688\"><div class=\"wpb_column vc_column_container vc_col-sm-6\"><div class=\"vc_column-inner vc_custom_1487245046801\"><div class=\"wpb_wrapper\">\n\t<div  class=\"wpb_single_image wpb_content_element vc_align_left  wpb_animate_when_almost_visible wpb_fadeIn fadeIn vc_custom_1769096251506\">\n\t\t\n\t\t<figure class=\"wpb_wrapper vc_figure\">\n\t\t\t<div class=\"vc_single_image-wrapper   vc_box_border_grey\"><img loading=\"lazy\" decoding=\"async\" width=\"506\" height=\"336\" src=\"https:\/\/aedpedroiv.net\/wp-content\/uploads\/2026\/01\/mbr-506x336-1.jpg\" class=\"vc_single_image-img attachment-full\" alt=\"Servi\u00e7os Administrativos\" title=\"Servi\u00e7os Administrativos\" srcset=\"https:\/\/aedpedroiv.net\/wp-content\/uploads\/2026\/01\/mbr-506x336-1.jpg 506w, https:\/\/aedpedroiv.net\/wp-content\/uploads\/2026\/01\/mbr-506x336-1-300x199.jpg 300w, https:\/\/aedpedroiv.net\/wp-content\/uploads\/2026\/01\/mbr-506x336-1-18x12.jpg 18w\" sizes=\"auto, (max-width: 506px) 100vw, 506px\" \/><\/div>\n\t\t<\/figure>\n\t<\/div>\n<\/div><\/div><\/div><div class=\"wpb_column vc_column_container vc_col-sm-6\"><div class=\"vc_column-inner vc_custom_1490170268641\"><div class=\"wpb_wrapper\"><div class=\"vc_separator wpb_content_element vc_separator_align_center vc_sep_width_100 vc_sep_pos_align_center vc_separator_no_text vc_sep_color_grey\" ><span class=\"vc_sep_holder vc_sep_holder_l\"><span class=\"vc_sep_line\"><\/span><\/span><span class=\"vc_sep_holder vc_sep_holder_r\"><span class=\"vc_sep_line\"><\/span><\/span>\n<\/div><h5 style=\"text-align: left\" class=\"vc_custom_heading vc_custom_1769096413131\" >Servi\u00e7os Administrativos<\/h5>\n\t<div class=\"wpb_text_column wpb_content_element  vc_custom_1769096532164\" >\n\t\t<div class=\"wpb_wrapper\">\n\t\t\t<p><strong>Escola B\u00e1sica D. Pedro IV<\/strong><br \/>\n2\u00aa\/3\u00aa\/4\u00aa\/6\u00aa feira &#8211; Hor\u00e1rio: 9h30 \u00e0s 15h30<br \/>\n5\u00aa feira &#8211; Hor\u00e1rio: 9h30 \u00e0s 16h30<br \/>\nContacto: 252 670 020<\/p>\n<p><strong>Escola B\u00e1sica Maria Pais Ribeiro \u2013 A Ribeirinha<\/strong><br \/>\nHor\u00e1rio: 9h30 \u00e0s 12h30 e das 13h30 \u00e0s 15h30<br \/>\nContacto: 252 660 120<\/p>\n<p><a href=\"mailto:secretaria@aedpedroiv.net\"><strong>secretaria@aedpedroiv.net<\/strong><\/a><\/p>\n\n\t\t<\/div>\n\t<\/div>\n<\/div><\/div><\/div><\/div><div class=\"vc_row wpb_row vc_row-fluid vc_custom_1487939485688\"><div class=\"wpb_column vc_column_container vc_col-sm-6\"><div class=\"vc_column-inner vc_custom_1487245046801\"><div class=\"wpb_wrapper\">\n\t<div  class=\"wpb_single_image wpb_content_element vc_align_left  wpb_animate_when_almost_visible wpb_fadeIn fadeIn vc_custom_1769096734379\">\n\t\t\n\t\t<figure class=\"wpb_wrapper vc_figure\">\n\t\t\t<div class=\"vc_single_image-wrapper   vc_box_border_grey\"><img loading=\"lazy\" decoding=\"async\" width=\"506\" height=\"337\" src=\"https:\/\/aedpedroiv.net\/wp-content\/uploads\/2026\/01\/reprografia.jpg\" class=\"vc_single_image-img attachment-full\" alt=\"\" title=\"reprografia\" srcset=\"https:\/\/aedpedroiv.net\/wp-content\/uploads\/2026\/01\/reprografia.jpg 506w, https:\/\/aedpedroiv.net\/wp-content\/uploads\/2026\/01\/reprografia-300x200.jpg 300w, https:\/\/aedpedroiv.net\/wp-content\/uploads\/2026\/01\/reprografia-18x12.jpg 18w\" sizes=\"auto, (max-width: 506px) 100vw, 506px\" \/><\/div>\n\t\t<\/figure>\n\t<\/div>\n<\/div><\/div><\/div><div class=\"wpb_column vc_column_container vc_col-sm-6\"><div class=\"vc_column-inner vc_custom_1490170268641\"><div class=\"wpb_wrapper\"><div class=\"vc_separator wpb_content_element vc_separator_align_center vc_sep_width_100 vc_sep_pos_align_center vc_separator_no_text vc_sep_color_grey\" ><span class=\"vc_sep_holder vc_sep_holder_l\"><span class=\"vc_sep_line\"><\/span><\/span><span class=\"vc_sep_holder vc_sep_holder_r\"><span class=\"vc_sep_line\"><\/span><\/span>\n<\/div><h5 style=\"text-align: left\" class=\"vc_custom_heading vc_custom_1769096614474\" >Papelaria | Reprografia<\/h5>\n\t<div class=\"wpb_text_column wpb_content_element  vc_custom_1769096672995\" >\n\t\t<div class=\"wpb_wrapper\">\n\t\t\t<div class=\"col-12\">\n<div class=\"top-line\">\n<p class=\"cost mbr-fonts-style display-5\"><strong>Manh\u00e3<\/strong> \u2502Hor\u00e1rio 9h00 \u00e0s 12h00<\/p>\n<\/div>\n<\/div>\n<div class=\"col-12\">\n<div class=\"bottom-line\">\n<p class=\"mbr-text mbr-fonts-style m-0 display-4\">9h15 \u2013 s\u00f3 podem ir alunos do 7.\u00ba e 8.\u00ba anos<br \/>\n10h15 \u2013 s\u00f3 podem ir os alunos do 5.\u00ba e 6.\u00ba anos<br \/>\n11h20 \u2013 s\u00f3 podem ir os alunos do 9.\u00ba ano<\/p>\n<p><strong>Tarde<\/strong> \u2502Hor\u00e1rio 14h00 \u00e0s 16h30<br \/>\n14h15 &#8211; s\u00f3 podem ir alunos do 7.\u00ba e 8.\u00ba anos<br \/>\n15h15 &#8211; s\u00f3 podem ir os alunos do 9.\u00ba ano<br \/>\n16h15 \u2013 s\u00f3 podem ir os alunos do 5.\u00ba e 6.\u00ba anos<\/p>\n<\/div>\n<\/div>\n\n\t\t<\/div>\n\t<\/div>\n<\/div><\/div><\/div><\/div><div class=\"vc_row wpb_row vc_row-fluid vc_custom_1487939485688\"><div class=\"wpb_column vc_column_container vc_col-sm-6\"><div class=\"vc_column-inner vc_custom_1487245046801\"><div class=\"wpb_wrapper\">\n\t<div  class=\"wpb_single_image wpb_content_element vc_align_left  wpb_animate_when_almost_visible wpb_fadeIn fadeIn vc_custom_1769096748339\">\n\t\t\n\t\t<figure class=\"wpb_wrapper vc_figure\">\n\t\t\t<div class=\"vc_single_image-wrapper   vc_box_border_grey\"><img loading=\"lazy\" decoding=\"async\" width=\"506\" height=\"337\" src=\"https:\/\/aedpedroiv.net\/wp-content\/uploads\/2026\/01\/cafetaria.jpg\" class=\"vc_single_image-img attachment-full\" alt=\"\" title=\"cafetaria\" srcset=\"https:\/\/aedpedroiv.net\/wp-content\/uploads\/2026\/01\/cafetaria.jpg 506w, https:\/\/aedpedroiv.net\/wp-content\/uploads\/2026\/01\/cafetaria-300x200.jpg 300w, https:\/\/aedpedroiv.net\/wp-content\/uploads\/2026\/01\/cafetaria-18x12.jpg 18w\" sizes=\"auto, (max-width: 506px) 100vw, 506px\" \/><\/div>\n\t\t<\/figure>\n\t<\/div>\n<\/div><\/div><\/div><div class=\"wpb_column vc_column_container vc_col-sm-6\"><div class=\"vc_column-inner vc_custom_1490170268641\"><div class=\"wpb_wrapper\"><div class=\"vc_separator wpb_content_element vc_separator_align_center vc_sep_width_100 vc_sep_pos_align_center vc_separator_no_text vc_sep_color_grey\" ><span class=\"vc_sep_holder vc_sep_holder_l\"><span class=\"vc_sep_line\"><\/span><\/span><span class=\"vc_sep_holder vc_sep_holder_r\"><span class=\"vc_sep_line\"><\/span><\/span>\n<\/div><h5 style=\"text-align: left\" class=\"vc_custom_heading vc_custom_1769096765243\" >Bufete<\/h5>\n\t<div class=\"wpb_text_column wpb_content_element  vc_custom_1769096824820\" >\n\t\t<div class=\"wpb_wrapper\">\n\t\t\t<div class=\"col-12\">\n<div class=\"top-line\">\n<p class=\"cost mbr-fonts-style display-5\"><strong>Manh\u00e3<\/strong> \u2502Hor\u00e1rio 8h00 \u00e0s 12h30<br \/>\n9h15 &#8211; s\u00f3 podem ir alunos do 9.\u00ba ano<br \/>\n10h15 &#8211; s\u00f3 podem ir alunos do 7.\u00ba e 8.\u00ba anos<br \/>\n11h20 &#8211; s\u00f3 podem ir alunos do 5.\u00ba e 6.\u00ba anos<\/p>\n<p><strong>Tarde<\/strong> \u2502Hor\u00e1rio 14h00 \u00e0s 16h30<br \/>\n14h15 &#8211; s\u00f3 podem ir alunos do 5.\u00ba e 6.\u00ba anos<br \/>\n15h15 &#8211; s\u00f3 podem ir alunos do 7.\u00ba e 8.\u00ba anos<br \/>\n16h15 &#8211; s\u00f3 podem ir alunos do 9.\u00ba ano<\/p>\n<\/div>\n<\/div>\n\n\t\t<\/div>\n\t<\/div>\n<\/div><\/div><\/div><\/div><div class=\"vc_row wpb_row vc_row-fluid vc_custom_1491470743440\"><div class=\"wpb_column vc_column_container vc_col-sm-12 vc_col-has-fill\"><div class=\"vc_column-inner vc_custom_1491470665529\"><div class=\"wpb_wrapper\"><\/div><\/div><\/div><\/div><div class=\"vc_row wpb_row vc_row-fluid\"><div class=\"wpb_column vc_column_container vc_col-sm-12\"><div class=\"vc_column-inner\"><div class=\"wpb_wrapper\"><\/div><\/div><\/div><\/div>\n<\/section>","protected":false},"excerpt":{"rendered":"Servi\u00e7os Servi\u00e7os Administrativos Escola B\u00e1sica D. Pedro IV 2\u00aa\/3\u00aa\/4\u00aa\/6\u00aa feira - Hor\u00e1rio: 9h30 \u00e0s 15h30 5\u00aa feira - Hor\u00e1rio: 9h30 \u00e0s 16h30 Contacto: 252 670 020 Escola B\u00e1sica Maria Pais Ribeiro \u2013 A Ribeirinha Hor\u00e1rio: 9h30 \u00e0s 12h30 e das 13h30 \u00e0s 15h30 Contacto: 252&nbsp;<a href=\"https:\/\/aedpedroiv.net\/en\/servicos\/\">&hellip;<\/a>","protected":false},"author":1,"featured_media":0,"parent":0,"menu_order":6,"comment_status":"closed","ping_status":"closed","template":"template-fullwidth.php","meta":{"footnotes":""},"class_list":["post-5091","page","type-page","status-publish","hentry","odd"],"_links":{"self":[{"href":"https:\/\/aedpedroiv.net\/en\/wp-json\/wp\/v2\/pages\/5091","targetHints":{"allow":["GET"]}}],"collection":[{"href":"https:\/\/aedpedroiv.net\/en\/wp-json\/wp\/v2\/pages"}],"about":[{"href":"https:\/\/aedpedroiv.net\/en\/wp-json\/wp\/v2\/types\/page"}],"author":[{"embeddable":true,"href":"https:\/\/aedpedroiv.net\/en\/wp-json\/wp\/v2\/users\/1"}],"replies":[{"embeddable":true,"href":"https:\/\/aedpedroiv.net\/en\/wp-json\/wp\/v2\/comments?post=5091"}],"version-history":[{"count":11,"href":"https:\/\/aedpedroiv.net\/en\/wp-json\/wp\/v2\/pages\/5091\/revisions"}],"predecessor-version":[{"id":5311,"href":"https:\/\/aedpedroiv.net\/en\/wp-json\/wp\/v2\/pages\/5091\/revisions\/5311"}],"wp:attachment":[{"href":"https:\/\/aedpedroiv.net\/en\/wp-json\/wp\/v2\/media?parent=5091"}],"curies":[{"name":"wp","href":"https:\/\/api.w.org\/{rel}","templated":true}]}}