{"id":5090,"date":"2017-02-14T08:33:21","date_gmt":"2017-02-14T08:33:21","guid":{"rendered":"http:\/\/ed.aislinthemes.com\/?page_id=661"},"modified":"2026-03-13T11:46:28","modified_gmt":"2026-03-13T11:46:28","slug":"https-sites-google-com-aedpedroiv-net-aedp-p%c3%a1gina-inicial","status":"publish","type":"page","link":"https:\/\/aedpedroiv.net\/en\/https-sites-google-com-aedpedroiv-net-aedp-p%c3%a1gina-inicial\/","title":{"rendered":"DOCUMENTOS ORIENTADORES"},"content":{"rendered":"<section class=\"wpb-content-wrapper\"><div class=\"vc_row wpb_row vc_row-fluid\"><div class=\"wpb_column vc_column_container vc_col-sm-12\"><div class=\"vc_column-inner\"><div class=\"wpb_wrapper\">\n\t<div class=\"wpb_text_column wpb_content_element\" >\n\t\t<div class=\"wpb_wrapper\">\n\t\t\t<h1>DOCUMENTOS ORIENTADORES<\/h1>\n\n\t\t<\/div>\n\t<\/div>\n\n\t<div class=\"wpb_text_column wpb_content_element\" >\n\t\t<div class=\"wpb_wrapper\">\n\t\t\t<p dir=\"ltr\"><a href=\"https:\/\/drive.google.com\/file\/d\/1PQJadZ2Nojanx0DLlc5oO5DwpfzYdur0\/view?usp=sharing\" target=\"_blank\" rel=\"noopener\">Projeto Educativo 2023\/2026 <i class=\"fas fa-book-open\" ><\/i><\/a><\/p>\n<p><a href=\"https:\/\/drive.google.com\/file\/d\/1VBoXnLBpmqXjMFMmOehGQ2VfSx9ZrV-C\/view?usp=sharing\" target=\"_blank\" rel=\"noopener\">Regulamento Interno <i class=\"fas fa-book-open\" ><\/i><\/a><\/p>\n<p><a href=\"https:\/\/drive.google.com\/file\/d\/1W5EsHZx9m5CVAPWwC6Zjh8D1QjKXfjcE\/view?usp=sharing\" target=\"_blank\" rel=\"noopener\">Regimento do Conselho Administrativo <i class=\"fas fa-book-open\" ><\/i><\/a><\/p>\n<p><a href=\"https:\/\/drive.google.com\/file\/d\/1rJ8y6PIhQOQ8OmmB6RQm0_ktqUFvmwFJ\/view?usp=sharing\" target=\"_blank\" rel=\"noopener\">Regulamento de utiliza\u00e7\u00e3o de cacifos <i class=\"fas fa-book-open\" ><\/i><\/a><\/p>\n<p><a href=\"https:\/\/drive.google.com\/file\/d\/13Etde0yZ9jWI_S2Qi6a0is5aWK-0MoVX\/view?usp=sharing\">Regulamento de utiliza\u00e7\u00e3o de cart\u00f5es magn\u00e9ticos <i class=\"fas fa-book-open\" ><\/i><\/a><\/p>\n<p><a href=\"https:\/\/drive.google.com\/file\/d\/1gRtRc3juS1i6gl-tXIMdRJcyxa1VAFD8\/view?usp=sharing\" target=\"_blank\" rel=\"noopener\">Manual de Acolhimento <i class=\"fas fa-book-open\" ><\/i><\/a><\/p>\n<p>\u00a0<\/p>\n\n\t\t<\/div>\n\t<\/div>\n<\/div><\/div><\/div><\/div>\n<\/section>","protected":false},"excerpt":{"rendered":"DOCUMENTOS ORIENTADORES Projeto Educativo 2023\/2026 Regulamento Interno Regimento do Conselho Administrativo Regulamento de utiliza\u00e7\u00e3o de cacifos Regulamento de utiliza\u00e7\u00e3o de cart\u00f5es magn\u00e9ticos Manual de Acolhimento \u00a0","protected":false},"author":1,"featured_media":0,"parent":0,"menu_order":8,"comment_status":"closed","ping_status":"closed","template":"template-sidebar-right-childpages.php","meta":{"footnotes":""},"class_list":["post-5090","page","type-page","status-publish","hentry","odd"],"_links":{"self":[{"href":"https:\/\/aedpedroiv.net\/en\/wp-json\/wp\/v2\/pages\/5090","targetHints":{"allow":["GET"]}}],"collection":[{"href":"https:\/\/aedpedroiv.net\/en\/wp-json\/wp\/v2\/pages"}],"about":[{"href":"https:\/\/aedpedroiv.net\/en\/wp-json\/wp\/v2\/types\/page"}],"author":[{"embeddable":true,"href":"https:\/\/aedpedroiv.net\/en\/wp-json\/wp\/v2\/users\/1"}],"replies":[{"embeddable":true,"href":"https:\/\/aedpedroiv.net\/en\/wp-json\/wp\/v2\/comments?post=5090"}],"version-history":[{"count":38,"href":"https:\/\/aedpedroiv.net\/en\/wp-json\/wp\/v2\/pages\/5090\/revisions"}],"predecessor-version":[{"id":5797,"href":"https:\/\/aedpedroiv.net\/en\/wp-json\/wp\/v2\/pages\/5090\/revisions\/5797"}],"wp:attachment":[{"href":"https:\/\/aedpedroiv.net\/en\/wp-json\/wp\/v2\/media?parent=5090"}],"curies":[{"name":"wp","href":"https:\/\/api.w.org\/{rel}","templated":true}]}}